{"id":99946,"date":"2024-04-29T09:39:01","date_gmt":"2024-04-29T07:39:01","guid":{"rendered":"https:\/\/cms.munich-startup.net\/?page_id=99946"},"modified":"2024-04-29T09:42:54","modified_gmt":"2024-04-29T07:42:54","slug":"investors","status":"publish","type":"page","link":"https:\/\/cms.munich-startup.net\/en\/investors\/","title":{"rendered":"Investors"},"content":{"rendered":"<div class=\"entry-content\">\n<h3 class=\"wp-block-heading teaser-headline text-white text-3xl\">Sign in and start up!<\/h3>\n\n\n\n<p class=\"teaser-text\">Are you an innovative and technology-driven startup or an investor, accelerator, or incubator from Munich or the surrounding region? Munich Startup is your central platform for all events, news, contacts, and stories from the Munich startup scene. Register now and become part of the virtual ecosystem.<\/p>\n\n\n\n<h3 class=\"wp-block-heading founders-headline\">Start-up advice<\/h3>\n\n\n\n<p class=\"founders-text leading-default\">Aliquet ut odio tincidunt ornare sit. Malesuada eu mauris massa in feugiat eu ac. Ipsum porttitor maecenas in tristique elementum. In condimentum vitae scelerisque nunc nunc ut euismod. Egestas convallis vulputate egestas cras sit. Lobortis enim varius id sed sit.<\/p>\n\n\n\n<figure class=\"wp-block-image size-large founders-image h-full\"><img decoding=\"async\" width=\"1200\" height=\"675\" src=\"https:\/\/munich-startup-relaunch.ddev.site\/wp-content\/uploads\/2023\/11\/Interview_Foto_MPfennig-1200x675.jpg\" alt=\"Mareike Pfennig\" class=\"wp-image-96133\" srcset=\"https:\/\/cms.munich-startup.net\/wp-content\/uploads\/2023\/11\/Interview_Foto_MPfennig-1200x675.jpg 1200w, https:\/\/cms.munich-startup.net\/wp-content\/uploads\/2023\/11\/Interview_Foto_MPfennig-600x338.jpg 600w, https:\/\/cms.munich-startup.net\/wp-content\/uploads\/2023\/11\/Interview_Foto_MPfennig-768x432.jpg 768w, https:\/\/cms.munich-startup.net\/wp-content\/uploads\/2023\/11\/Interview_Foto_MPfennig-1536x864.jpg 1536w, https:\/\/cms.munich-startup.net\/wp-content\/uploads\/2023\/11\/Interview_Foto_MPfennig-2048x1152.jpg 2048w, https:\/\/cms.munich-startup.net\/wp-content\/uploads\/2023\/11\/Interview_Foto_MPfennig-880x495.jpg 880w, https:\/\/cms.munich-startup.net\/wp-content\/uploads\/2023\/11\/Interview_Foto_MPfennig-440x248.jpg 440w\" sizes=\"(max-width: 1200px) 100vw, 1200px\" \/><\/figure>\n<\/div>","protected":false},"excerpt":{"rendered":"<p>Sign in and start up! Are you an innovative and technology-driven startup or an investor, accelerator, or incubator from Munich or the region? Munich Startup is your central platform for all events, news, contacts, and stories from the Munich startup scene. Register now and become part of the virtual...<\/p>","protected":false},"author":40,"featured_media":0,"parent":0,"menu_order":0,"comment_status":"closed","ping_status":"closed","template":"views\/template-investors.blade.php","meta":{"_acf_changed":false,"footnotes":""},"acf":[],"yoast_head":"<!-- This site is optimized with the Yoast SEO plugin v26.1.1 - https:\/\/yoast.com\/wordpress\/plugins\/seo\/ -->\n<title>Investoren - Munich Startup<\/title>\n<meta name=\"robots\" content=\"index, follow, max-snippet:-1, max-image-preview:large, max-video-preview:-1\" \/>\n<link rel=\"canonical\" href=\"https:\/\/cms.munich-startup.net\/en\/investors\/\" \/>\n<meta property=\"og:locale\" content=\"en_US\" \/>\n<meta property=\"og:type\" content=\"article\" \/>\n<meta property=\"og:title\" content=\"Investoren - Munich Startup\" \/>\n<meta property=\"og:description\" content=\"Sign in and start up! Du bist ein innovatives und technologiegetriebenes Startup oder ein Investor, Accelerator oder Incubator aus M\u00fcnchen oder der Region? Munich Startup ist Deine zentrale Plattform f\u00fcr alle Events, News, Kontakte und Stories aus der M\u00fcnchner Startup Szene. Trage Dich jetzt ein und werde Teil des virtuellen &hellip;\" \/>\n<meta property=\"og:url\" content=\"https:\/\/cms.munich-startup.net\/en\/investors\/\" \/>\n<meta property=\"og:site_name\" content=\"Munich Startup\" \/>\n<meta property=\"article:publisher\" content=\"https:\/\/www.facebook.com\/munichstartup\/\" \/>\n<meta property=\"article:modified_time\" content=\"2024-04-29T07:42:54+00:00\" \/>\n<meta name=\"twitter:card\" content=\"summary_large_image\" \/>\n<meta name=\"twitter:site\" content=\"@munich_startup\" \/>\n<meta name=\"twitter:label1\" content=\"Est. reading time\" \/>\n\t<meta name=\"twitter:data1\" content=\"1 minute\" \/>\n<script type=\"application\/ld+json\" class=\"yoast-schema-graph\">{\"@context\":\"https:\/\/schema.org\",\"@graph\":[{\"@type\":\"WebPage\",\"@id\":\"https:\/\/cms.munich-startup.net\/investoren\/\",\"url\":\"https:\/\/cms.munich-startup.net\/investoren\/\",\"name\":\"Investoren - Munich Startup\",\"isPartOf\":{\"@id\":\"https:\/\/cms.munich-startup.net\/#website\"},\"primaryImageOfPage\":{\"@id\":\"https:\/\/cms.munich-startup.net\/investoren\/#primaryimage\"},\"image\":{\"@id\":\"https:\/\/cms.munich-startup.net\/investoren\/#primaryimage\"},\"thumbnailUrl\":\"https:\/\/munich-startup-relaunch.ddev.site\/wp-content\/uploads\/2023\/11\/Interview_Foto_MPfennig-1200x675.jpg\",\"datePublished\":\"2024-04-29T07:39:01+00:00\",\"dateModified\":\"2024-04-29T07:42:54+00:00\",\"breadcrumb\":{\"@id\":\"https:\/\/cms.munich-startup.net\/investoren\/#breadcrumb\"},\"inLanguage\":\"en-US\",\"potentialAction\":[{\"@type\":\"ReadAction\",\"target\":[\"https:\/\/cms.munich-startup.net\/investoren\/\"]}]},{\"@type\":\"ImageObject\",\"inLanguage\":\"en-US\",\"@id\":\"https:\/\/cms.munich-startup.net\/investoren\/#primaryimage\",\"url\":\"https:\/\/munich-startup-relaunch.ddev.site\/wp-content\/uploads\/2023\/11\/Interview_Foto_MPfennig-1200x675.jpg\",\"contentUrl\":\"https:\/\/munich-startup-relaunch.ddev.site\/wp-content\/uploads\/2023\/11\/Interview_Foto_MPfennig-1200x675.jpg\"},{\"@type\":\"BreadcrumbList\",\"@id\":\"https:\/\/cms.munich-startup.net\/investoren\/#breadcrumb\",\"itemListElement\":[{\"@type\":\"ListItem\",\"position\":1,\"name\":\"Home\",\"item\":\"https:\/\/cms.munich-startup.net\/\"},{\"@type\":\"ListItem\",\"position\":2,\"name\":\"Investoren\"}]},{\"@type\":\"WebSite\",\"@id\":\"https:\/\/cms.munich-startup.net\/#website\",\"url\":\"https:\/\/cms.munich-startup.net\/\",\"name\":\"Munich Startup\",\"description\":\"Das offizielle Startup-Portal f\u00fcr M\u00fcnchen\",\"potentialAction\":[{\"@type\":\"SearchAction\",\"target\":{\"@type\":\"EntryPoint\",\"urlTemplate\":\"https:\/\/cms.munich-startup.net\/?s={search_term_string}\"},\"query-input\":{\"@type\":\"PropertyValueSpecification\",\"valueRequired\":true,\"valueName\":\"search_term_string\"}}],\"inLanguage\":\"en-US\"}]}<\/script>\n<meta property=\"og:image\" content=\"https:\/\/cms.munich-startup.net\/en\/wp-content\/uploads\/2023\/11\/Interview_Foto_MPfennig-1200x675.jpg\" \/>\n<!-- \/ Yoast SEO plugin. -->","yoast_head_json":{"title":"Investors - Munich Startup","robots":{"index":"index","follow":"follow","max-snippet":"max-snippet:-1","max-image-preview":"max-image-preview:large","max-video-preview":"max-video-preview:-1"},"canonical":"https:\/\/cms.munich-startup.net\/en\/investors\/","og_locale":"en_US","og_type":"article","og_title":"Investoren - Munich Startup","og_description":"Sign in and start up! Du bist ein innovatives und technologiegetriebenes Startup oder ein Investor, Accelerator oder Incubator aus M\u00fcnchen oder der Region? Munich Startup ist Deine zentrale Plattform f\u00fcr alle Events, News, Kontakte und Stories aus der M\u00fcnchner Startup Szene. Trage Dich jetzt ein und werde Teil des virtuellen &hellip;","og_url":"https:\/\/cms.munich-startup.net\/en\/investors\/","og_site_name":"Munich Startup","article_publisher":"https:\/\/www.facebook.com\/munichstartup\/","article_modified_time":"2024-04-29T07:42:54+00:00","twitter_card":"summary_large_image","twitter_site":"@munich_startup","twitter_misc":{"Est. reading time":"1 minute"},"schema":{"@context":"https:\/\/schema.org","@graph":[{"@type":"WebPage","@id":"https:\/\/cms.munich-startup.net\/investoren\/","url":"https:\/\/cms.munich-startup.net\/investoren\/","name":"Investors - Munich Startup","isPartOf":{"@id":"https:\/\/cms.munich-startup.net\/#website"},"primaryImageOfPage":{"@id":"https:\/\/cms.munich-startup.net\/investoren\/#primaryimage"},"image":{"@id":"https:\/\/cms.munich-startup.net\/investoren\/#primaryimage"},"thumbnailUrl":"https:\/\/munich-startup-relaunch.ddev.site\/wp-content\/uploads\/2023\/11\/Interview_Foto_MPfennig-1200x675.jpg","datePublished":"2024-04-29T07:39:01+00:00","dateModified":"2024-04-29T07:42:54+00:00","breadcrumb":{"@id":"https:\/\/cms.munich-startup.net\/investoren\/#breadcrumb"},"inLanguage":"en-US","potentialAction":[{"@type":"ReadAction","target":["https:\/\/cms.munich-startup.net\/investoren\/"]}]},{"@type":"ImageObject","inLanguage":"en-US","@id":"https:\/\/cms.munich-startup.net\/investoren\/#primaryimage","url":"https:\/\/munich-startup-relaunch.ddev.site\/wp-content\/uploads\/2023\/11\/Interview_Foto_MPfennig-1200x675.jpg","contentUrl":"https:\/\/munich-startup-relaunch.ddev.site\/wp-content\/uploads\/2023\/11\/Interview_Foto_MPfennig-1200x675.jpg"},{"@type":"BreadcrumbList","@id":"https:\/\/cms.munich-startup.net\/investoren\/#breadcrumb","itemListElement":[{"@type":"ListItem","position":1,"name":"Home","item":"https:\/\/cms.munich-startup.net\/"},{"@type":"ListItem","position":2,"name":"Investoren"}]},{"@type":"WebSite","@id":"https:\/\/cms.munich-startup.net\/#website","url":"https:\/\/cms.munich-startup.net\/","name":"Munich Startup","description":"The official startup portal for Munich","potentialAction":[{"@type":"SearchAction","target":{"@type":"EntryPoint","urlTemplate":"https:\/\/cms.munich-startup.net\/?s={search_term_string}"},"query-input":{"@type":"PropertyValueSpecification","valueRequired":true,"valueName":"search_term_string"}}],"inLanguage":"en-US"}]},"og_image":[{"url":"https:\/\/munich-startup-relaunch.ddev.site\/wp-content\/uploads\/2023\/11\/Interview_Foto_MPfennig-1200x675.jpg","type":"","width":"","height":""}]},"_edit_lock":"1716823464:42","_edit_last":"40","_wp_page_template":"views\/template-investors.blade.php","wbounce_status":"default","_yoast_wpseo_content_score":"90","_showyear":"","_inactive":"","_wpbitly":"","ms_image_format":"contentwidth","_ms_image_format":"field_5cb8587572c8b","ms_dachzeile":"","_ms_dachzeile":"field_5cd9b7f365df5","ms_bump_post_date":"","_ms_bump_post_date":"field_5d1341edcf42a","_show_financing":"","_hide_on_map":"","_yoast_wpseo_focuskw":"","_yoast_wpseo_title":"","_yoast_wpseo_metadesc":"","_yoast_wpseo_linkdex":"","_yoast_wpseo_estimated-reading-time-minutes":"1","easy_language_simplification_original_id":"","easy_language_source_language":"","easy_language_simplification_language":"","easy_language_api":"","easy_language_prevent_automatic_mode":"","easy_language_simplification_state_changed_from":"","_yoast_wpseo_focuskw_text_input":"","_yoast_wpseo_wordproof_timestamp":"","footnotes":"","_yoast_wpseo_meta-robots-noindex":"","easy_language_text_language":"","easy_language_simplified_in":"","_pprredirect_active":"","_pprredirect_type":"","_pprredirect_url":"","_yoast_wpseo_opengraph-image":"","_yoast_wpseo_opengraph-image-id":"","_yoast_wpseo_twitter-image":"","_yoast_wpseo_twitter-image-id":"","_thumbnail_id":"","_links":{"self":[{"href":"https:\/\/cms.munich-startup.net\/en\/wp-json\/wp\/v2\/pages\/99946"}],"collection":[{"href":"https:\/\/cms.munich-startup.net\/en\/wp-json\/wp\/v2\/pages"}],"about":[{"href":"https:\/\/cms.munich-startup.net\/en\/wp-json\/wp\/v2\/types\/page"}],"author":[{"embeddable":true,"href":"https:\/\/cms.munich-startup.net\/en\/wp-json\/wp\/v2\/users\/40"}],"replies":[{"embeddable":true,"href":"https:\/\/cms.munich-startup.net\/en\/wp-json\/wp\/v2\/comments?post=99946"}],"version-history":[{"count":1,"href":"https:\/\/cms.munich-startup.net\/en\/wp-json\/wp\/v2\/pages\/99946\/revisions"}],"predecessor-version":[{"id":99947,"href":"https:\/\/cms.munich-startup.net\/en\/wp-json\/wp\/v2\/pages\/99946\/revisions\/99947"}],"wp:attachment":[{"href":"https:\/\/cms.munich-startup.net\/en\/wp-json\/wp\/v2\/media?parent=99946"}],"curies":[{"name":"wp","href":"https:\/\/api.w.org\/{rel}","templated":true}]}}