{"id":9404,"date":"2016-04-03T18:19:18","date_gmt":"2016-04-03T16:19:18","guid":{"rendered":"http:\/\/cms.munich-startup.net\/?page_id=9404"},"modified":"2020-11-11T13:34:19","modified_gmt":"2020-11-11T12:34:19","slug":"startseite","status":"publish","type":"page","link":"https:\/\/cms.munich-startup.net\/en\/","title":{"rendered":"Munich Startup"},"content":{"rendered":"<div class=\"entry-content\">\n<h2 class=\"has-text-align-center newsletter-text wp-block-heading\" id=\"mce_21\">Munich Startup Newsletter<\/h2>\n\n\n\n<div class=\"wp-block-button aligncenter newsletter-text is-style-outline\"><a class=\"wp-block-button__link\" href=\"https:\/\/munich-startup.us9.list-manage.com\/subscribe\/post?u=585404180dd870c6959e272b2&amp;id=fa3c61241a\" target=\"_blank\" rel=\"noreferrer noopener\">Subscribe now<\/a><\/div>\n\n\n\n<h1 class=\"thin map-teaser wp-block-heading\" id=\"mce_19\">Munich Startup Ecosystem<\/h1>\n\n\n\n<p class=\"text-blue font-semibold text-xl md:text-xls map-teaser mb-4\">Sign in and start up!<\/p>\n\n\n\n<p class=\"map-teaser text-sm mb-6 lg:w-1\/2\">Are you an innovative and technology-focused startup, investor, accelerator, or incubator from Munich or the surrounding region? Register now and become part of the virtual ecosystem.<\/p>\n\n\n\n<p class=\"text-blue font-semibold text-xl md:text-xls map-teaser mb-4\">New on the map<\/p>\n<\/div>","protected":false},"excerpt":{"rendered":"<p>Munich Startup Newsletter Munich Startup Ecosystem Sign in and start up! Are you an innovative and technology-focused startup or an investor, accelerator, or incubator from Munich or the region? Sign up now and become part of the virtual ecosystem. New to the map<\/p>","protected":false},"author":3,"featured_media":0,"parent":0,"menu_order":0,"comment_status":"closed","ping_status":"closed","template":"views\/template-homepage.blade.php","meta":{"_acf_changed":false,"footnotes":""},"acf":[],"yoast_head":"<!-- This site is optimized with the Yoast SEO plugin v26.1.1 - https:\/\/yoast.com\/wordpress\/plugins\/seo\/ -->\n<title>Munich Startup - Das offizielle Startup Portal f\u00fcr M\u00fcnchen und die Region<\/title>\n<meta name=\"description\" content=\"Munich Startup ist das offizielle Startup Portal f\u00fcr M\u00fcnchen und die Region. Das Portal hat sich als erste virtuelle Anlaufstelle f\u00fcr technologie-orientierte, innovative Startups in M\u00fcnchen und Umgebung etabliert. Munich Startup zeichnet sich durch eine neutrale, unabh\u00e4ngige und transparente Darstellung der Inhalte und Akteure aus.\" \/>\n<meta name=\"robots\" content=\"index, follow, max-snippet:-1, max-image-preview:large, max-video-preview:-1\" \/>\n<link rel=\"canonical\" href=\"https:\/\/cms.munich-startup.net\/en\/\" \/>\n<meta property=\"og:locale\" content=\"en_US\" \/>\n<meta property=\"og:type\" content=\"article\" \/>\n<meta property=\"og:title\" content=\"Munich Startup - Das offizielle Startup Portal f\u00fcr M\u00fcnchen und die Region\" \/>\n<meta property=\"og:description\" content=\"Munich Startup ist das offizielle Startup Portal f\u00fcr M\u00fcnchen und die Region. Das Portal hat sich als erste virtuelle Anlaufstelle f\u00fcr technologie-orientierte, innovative Startups in M\u00fcnchen und Umgebung etabliert. Munich Startup zeichnet sich durch eine neutrale, unabh\u00e4ngige und transparente Darstellung der Inhalte und Akteure aus.\" \/>\n<meta property=\"og:url\" content=\"https:\/\/cms.munich-startup.net\/en\/\" \/>\n<meta property=\"og:site_name\" content=\"Munich Startup\" \/>\n<meta property=\"article:publisher\" content=\"https:\/\/www.facebook.com\/munichstartup\/\" \/>\n<meta property=\"article:modified_time\" content=\"2020-11-11T12:34:19+00:00\" \/>\n<meta name=\"twitter:card\" content=\"summary_large_image\" \/>\n<meta name=\"twitter:image\" content=\"https:\/\/cms.munich-startup.net\/wp-content\/uploads\/2020\/02\/1-Copy.png\" \/>\n<meta name=\"twitter:site\" content=\"@munich_startup\" \/>\n<script type=\"application\/ld+json\" class=\"yoast-schema-graph\">{\"@context\":\"https:\/\/schema.org\",\"@graph\":[{\"@type\":\"WebPage\",\"@id\":\"https:\/\/cms.munich-startup.net\/\",\"url\":\"https:\/\/cms.munich-startup.net\/\",\"name\":\"Munich Startup - Das offizielle Startup Portal f\u00fcr M\u00fcnchen und die Region\",\"isPartOf\":{\"@id\":\"https:\/\/cms.munich-startup.net\/#website\"},\"datePublished\":\"2016-04-03T16:19:18+00:00\",\"dateModified\":\"2020-11-11T12:34:19+00:00\",\"description\":\"Munich Startup ist das offizielle Startup Portal f\u00fcr M\u00fcnchen und die Region. Das Portal hat sich als erste virtuelle Anlaufstelle f\u00fcr technologie-orientierte, innovative Startups in M\u00fcnchen und Umgebung etabliert. Munich Startup zeichnet sich durch eine neutrale, unabh\u00e4ngige und transparente Darstellung der Inhalte und Akteure aus.\",\"breadcrumb\":{\"@id\":\"https:\/\/cms.munich-startup.net\/#breadcrumb\"},\"inLanguage\":\"en-US\",\"potentialAction\":[{\"@type\":\"ReadAction\",\"target\":[\"https:\/\/cms.munich-startup.net\/\"]}]},{\"@type\":\"BreadcrumbList\",\"@id\":\"https:\/\/cms.munich-startup.net\/#breadcrumb\",\"itemListElement\":[{\"@type\":\"ListItem\",\"position\":1,\"name\":\"Home\",\"item\":\"https:\/\/cms.munich-startup.net\/\"},{\"@type\":\"ListItem\",\"position\":2,\"name\":\"Munich Startup\"}]},{\"@type\":\"WebSite\",\"@id\":\"https:\/\/cms.munich-startup.net\/#website\",\"url\":\"https:\/\/cms.munich-startup.net\/\",\"name\":\"Munich Startup\",\"description\":\"Das offizielle Startup-Portal f\u00fcr M\u00fcnchen\",\"potentialAction\":[{\"@type\":\"SearchAction\",\"target\":{\"@type\":\"EntryPoint\",\"urlTemplate\":\"https:\/\/cms.munich-startup.net\/?s={search_term_string}\"},\"query-input\":{\"@type\":\"PropertyValueSpecification\",\"valueRequired\":true,\"valueName\":\"search_term_string\"}}],\"inLanguage\":\"en-US\"}]}<\/script>\n<meta property=\"og:image\" content=\"https:\/\/cms.munich-startup.net\/en\/wp-content\/uploads\/2020\/02\/1-Copy.png\" \/>\n\t<meta property=\"og:image:width\" content=\"2560\" \/>\n\t<meta property=\"og:image:height\" content=\"1440\" \/>\n\t<meta property=\"og:image:type\" content=\"image\/png\" \/>\n<!-- \/ Yoast SEO plugin. -->","yoast_head_json":{"title":"Munich Startup - The official startup portal for Munich and the region","description":"Munich Startup is the official startup portal for Munich and the surrounding region. The portal has established itself as the first virtual contact point for technology-oriented, innovative startups in Munich and the surrounding area. Munich Startup is characterized by a neutral, independent, and transparent presentation of content and participants.","robots":{"index":"index","follow":"follow","max-snippet":"max-snippet:-1","max-image-preview":"max-image-preview:large","max-video-preview":"max-video-preview:-1"},"canonical":"https:\/\/cms.munich-startup.net\/en\/","og_locale":"en_US","og_type":"article","og_title":"Munich Startup - Das offizielle Startup Portal f\u00fcr M\u00fcnchen und die Region","og_description":"Munich Startup ist das offizielle Startup Portal f\u00fcr M\u00fcnchen und die Region. Das Portal hat sich als erste virtuelle Anlaufstelle f\u00fcr technologie-orientierte, innovative Startups in M\u00fcnchen und Umgebung etabliert. Munich Startup zeichnet sich durch eine neutrale, unabh\u00e4ngige und transparente Darstellung der Inhalte und Akteure aus.","og_url":"https:\/\/cms.munich-startup.net\/en\/","og_site_name":"Munich Startup","article_publisher":"https:\/\/www.facebook.com\/munichstartup\/","article_modified_time":"2020-11-11T12:34:19+00:00","twitter_card":"summary_large_image","twitter_image":"https:\/\/cms.munich-startup.net\/wp-content\/uploads\/2020\/02\/1-Copy.png","twitter_site":"@munich_startup","schema":{"@context":"https:\/\/schema.org","@graph":[{"@type":"WebPage","@id":"https:\/\/cms.munich-startup.net\/","url":"https:\/\/cms.munich-startup.net\/","name":"Munich Startup - The official startup portal for Munich and the region","isPartOf":{"@id":"https:\/\/cms.munich-startup.net\/#website"},"datePublished":"2016-04-03T16:19:18+00:00","dateModified":"2020-11-11T12:34:19+00:00","description":"Munich Startup is the official startup portal for Munich and the surrounding region. The portal has established itself as the first virtual contact point for technology-oriented, innovative startups in Munich and the surrounding area. Munich Startup is characterized by a neutral, independent, and transparent presentation of content and participants.","breadcrumb":{"@id":"https:\/\/cms.munich-startup.net\/#breadcrumb"},"inLanguage":"en-US","potentialAction":[{"@type":"ReadAction","target":["https:\/\/cms.munich-startup.net\/"]}]},{"@type":"BreadcrumbList","@id":"https:\/\/cms.munich-startup.net\/#breadcrumb","itemListElement":[{"@type":"ListItem","position":1,"name":"Home","item":"https:\/\/cms.munich-startup.net\/"},{"@type":"ListItem","position":2,"name":"Munich Startup"}]},{"@type":"WebSite","@id":"https:\/\/cms.munich-startup.net\/#website","url":"https:\/\/cms.munich-startup.net\/","name":"Munich Startup","description":"The official startup portal for Munich","potentialAction":[{"@type":"SearchAction","target":{"@type":"EntryPoint","urlTemplate":"https:\/\/cms.munich-startup.net\/?s={search_term_string}"},"query-input":{"@type":"PropertyValueSpecification","valueRequired":true,"valueName":"search_term_string"}}],"inLanguage":"en-US"}]},"og_image":[{"width":2560,"height":1440,"url":"https:\/\/cms.munich-startup.net\/wp-content\/uploads\/2020\/02\/1-Copy.png","type":"image\/png"}]},"_edit_lock":"1774429605:56","_edit_last":"30","_wp_page_template":"views\/template-homepage.blade.php","wbounce_status":"default","_yoast_wpseo_content_score":"60","_showyear":"","_inactive":"","_wpbitly":"","ms_image_format":"contentwidth","_ms_image_format":"field_5cb8587572c8b","ms_dachzeile":"","_ms_dachzeile":"field_5cd9b7f365df5","ms_bump_post_date":"","_ms_bump_post_date":"field_5d1341edcf42a","_show_financing":"","_hide_on_map":"","_yoast_wpseo_focuskw":"","_yoast_wpseo_title":"%%title%% - Das offizielle Startup Portal f\u00fcr M\u00fcnchen und die Region","_yoast_wpseo_metadesc":"Munich Startup ist das offizielle Startup Portal f\u00fcr M\u00fcnchen und die Region. Das Portal hat sich als erste virtuelle Anlaufstelle f\u00fcr technologie-orientierte, innovative Startups in M\u00fcnchen und Umgebung etabliert. Munich Startup zeichnet sich durch eine neutrale, unabh\u00e4ngige und transparente Darstellung der Inhalte und Akteure aus.","_yoast_wpseo_linkdex":"","_yoast_wpseo_estimated-reading-time-minutes":"","easy_language_simplification_original_id":"","easy_language_source_language":"","easy_language_simplification_language":"","easy_language_api":"","easy_language_prevent_automatic_mode":"","easy_language_simplification_state_changed_from":"","_yoast_wpseo_focuskw_text_input":"","_yoast_wpseo_wordproof_timestamp":"","footnotes":"","_yoast_wpseo_meta-robots-noindex":"","easy_language_text_language":"","easy_language_simplified_in":"","_pprredirect_active":"","_pprredirect_type":"","_pprredirect_url":"","_yoast_wpseo_opengraph-image":"https:\/\/cms.munich-startup.net\/wp-content\/uploads\/2020\/02\/1-Copy.png","_yoast_wpseo_opengraph-image-id":"57217","_yoast_wpseo_twitter-image":"https:\/\/cms.munich-startup.net\/wp-content\/uploads\/2020\/02\/1-Copy.png","_yoast_wpseo_twitter-image-id":"57217","_thumbnail_id":"","_links":{"self":[{"href":"https:\/\/cms.munich-startup.net\/en\/wp-json\/wp\/v2\/pages\/9404"}],"collection":[{"href":"https:\/\/cms.munich-startup.net\/en\/wp-json\/wp\/v2\/pages"}],"about":[{"href":"https:\/\/cms.munich-startup.net\/en\/wp-json\/wp\/v2\/types\/page"}],"author":[{"embeddable":true,"href":"https:\/\/cms.munich-startup.net\/en\/wp-json\/wp\/v2\/users\/3"}],"replies":[{"embeddable":true,"href":"https:\/\/cms.munich-startup.net\/en\/wp-json\/wp\/v2\/comments?post=9404"}],"version-history":[{"count":6,"href":"https:\/\/cms.munich-startup.net\/en\/wp-json\/wp\/v2\/pages\/9404\/revisions"}],"predecessor-version":[{"id":77586,"href":"https:\/\/cms.munich-startup.net\/en\/wp-json\/wp\/v2\/pages\/9404\/revisions\/77586"}],"wp:attachment":[{"href":"https:\/\/cms.munich-startup.net\/en\/wp-json\/wp\/v2\/media?parent=9404"}],"curies":[{"name":"wp","href":"https:\/\/api.w.org\/{rel}","templated":true}]}}