{"id":5957,"date":"2015-12-08T15:57:20","date_gmt":"2015-12-08T14:57:20","guid":{"rendered":"http:\/\/cms.munich-startup.net\/?page_id=5957"},"modified":"2022-07-04T07:52:17","modified_gmt":"2022-07-04T05:52:17","slug":"jobs","status":"publish","type":"page","link":"https:\/\/cms.munich-startup.net\/en\/service\/jobs\/","title":{"rendered":"Jobs"},"content":{"rendered":"<div class=\"entry-content\">\n<p><strong>Are you looking for employees with a particular passion for the startup scene? Would you like to earn your stripes in an up-and-coming young company?&nbsp;<\/strong><\/p>\n\n\n\n<p>Startup job portals connect founders looking for staff with professionals specifically seeking new challenges in the startup scene. Internships for students and graduates are also listed. Incidentally, the portals are free for users\u2014only those who advertise pay.<\/p>\n\n\n\n<p>Of course, the wide range of offers should not deter anyone from submitting an unsolicited application to their dream startup: after all, many flourishing start-ups are looking for competent reinforcement.<\/p>\n\n\n\n<h3 class=\"wp-block-heading\">A selection of the most important job boards for startups:<\/h3>\n\n\n\n<p><strong><a rel=\"noopener noreferrer\" href=\"http:\/\/www.deutsche-startups.de\/startups-jobs\/stellenangebote\/\" target=\"_blank\">Deutsche-Startups.de<\/a><\/strong><\/p>\n\n\n\n<p>The online magazine Deutsche-Startups.de offers a lively job board. Both startups and established companies advertise here. Ads cost between \u20ac149 and \u20ac299.<\/p>\n\n\n\n<p><strong><a href=\"http:\/\/t3n.de\/jobs\/\" target=\"_blank\" rel=\"noopener noreferrer\">t3n<\/a><\/strong><\/p>\n\n\n\n<p>In keeping with the magazine&#039;s focus, t3n&#039;s job portal is primarily aimed at web developers. Areas such as communications, design, and marketing are also represented. Ads for companies start at \u20ac249. Of course, if the job posting is also to be published in print, it will be more expensive.<\/p>\n\n\n\n<p><strong>startup scene<\/strong><\/p>\n\n\n\n<p>It&#039;s also worth checking out the always-updated job board of the Gr\u00fcnderszene magazine. Ads range in price from \u20ac199 to \u20ac769.<\/p>\n\n\n\n<p><strong><a rel=\"noopener noreferrer\" href=\"http:\/\/www.startupbrett.de\/jobs\/\" target=\"_blank\">Startup board<\/a><\/strong><\/p>\n\n\n\n<p class=\"post-title\">The &quot;Notice Board for the Startup Scene&quot; also has a job page. Job postings range from \u20ac49 to \u20ac345. Advertisers can save money by booking ad packages.<\/p>\n\n\n\n<p><strong>Startup jobs Munich<\/strong><\/p>\n\n\n\n<p>Startup Jobs Munich promises &quot;exciting jobs in Germany&#039;s most beautiful city.&quot; The selection is limited, but it offers several key advantages: The job listings are significantly more focused on startups than those of the competition. Furthermore, the job listings are only available in and around the state capital. Furthermore, the portal is completely free for both job seekers and advertisers.<\/p>\n\n\n\n<p><strong><a rel=\"noopener noreferrer\" href=\"http:\/\/www.gruenderluft.de\/\" target=\"_blank\">Entrepreneurial spirit<\/a><\/strong><\/p>\n\n\n\n<p>The startup job board Gr\u00fcnderluft offers a wide range of job opportunities. Prices for listings start at \u20ac49.<\/p>\n\n\n\n<p><strong><a href=\"http:\/\/www.startupsucht.com\/\" target=\"_blank\" rel=\"noopener noreferrer\">Startup is looking for<\/a><\/strong><\/p>\n\n\n\n<p>&quot;STARTUP SUCHT&quot; offers a limited selection of jobs, but it focuses on startups. Internships start at \u20ac39.95, and co-founder jobs start at \u20ac49.95.<\/p>\n\n\n\n<p><strong>SCE Job Market<\/strong><\/p>\n\n\n\n<p>The SCE job board offers numerous jobs, mostly for interns, as well as opportunities for and from co-founders. All listings are free.<\/p>\n\n\n\n<p><strong><a rel=\"noopener noreferrer\" href=\"https:\/\/www.honeypot.io\" target=\"_blank\">Honeypot<\/a><\/strong>, <strong><a rel=\"noreferrer noopener\" href=\"https:\/\/www.talent.io\/\" target=\"_blank\">Talent.io<\/a><\/strong> and <a rel=\"noreferrer noopener\" aria-label=\"Soshace.com (opens in new tab)\" href=\"https:\/\/soshace.com\/\" target=\"_blank\"><strong>Soshace.com<\/strong><\/a><br>These platforms primarily connect software developers.<\/p>\n\n\n\n<hr class=\"wp-block-separator\" \/>\n\n\n\n<p><span style=\"color: #808080\"><em>Important NOTE:<\/em><\/span><br><span style=\"color: #808080\"><em>This list was created by Munich Startup. The listed links make no claim to topicality, correctness, or completeness; no corresponding guarantee is assumed. The author of the link list does not adopt the content of the linked pages as his own. Any liability or warranty for the content of the linked pages is excluded. At the time of linking, the author was not aware of any illegal content on the linked pages. The author has no influence on current or future changes to the linked pages (May 2019).<\/em><\/span><\/p>\n<\/div>","protected":false},"excerpt":{"rendered":"<p>Are you looking for employees with a particular passion for the startup scene? Would you like to earn your stripes in an up-and-coming young company? Startup job portals connect founders with hiring needs with professionals specifically seeking new challenges in the startup scene. Internships for students and graduates are also listed. For users...<\/p>","protected":false},"author":26,"featured_media":0,"parent":5768,"menu_order":0,"comment_status":"closed","ping_status":"closed","template":"views\/template-services.blade.php","meta":{"_acf_changed":false,"footnotes":""},"acf":[],"yoast_head":"<!-- This site is optimized with the Yoast SEO plugin v26.1.1 - https:\/\/yoast.com\/wordpress\/plugins\/seo\/ -->\n<title>Jobs - Munich Startup<\/title>\n<meta name=\"robots\" content=\"index, follow, max-snippet:-1, max-image-preview:large, max-video-preview:-1\" \/>\n<link rel=\"canonical\" href=\"https:\/\/cms.munich-startup.net\/en\/service\/jobs\/\" \/>\n<meta property=\"og:locale\" content=\"en_US\" \/>\n<meta property=\"og:type\" content=\"article\" \/>\n<meta property=\"og:title\" content=\"Jobs - Munich Startup\" \/>\n<meta property=\"og:description\" content=\"Ihr seid auf der Suche nach Mitarbeitern mit besonderem Faible f\u00fcr die Startup-Szene? Du m\u00f6chtest Deine Sporen in einem aufstrebenden Jungunternehmen verdienen?&nbsp; In Jobportalen f\u00fcr Startups treffen Gr\u00fcnder mit Personalbedarf auf Fachkr\u00e4fte, die gezielt in der Startup-Szene nach neuen Herausforderungen suchen.&nbsp;Gehandelt werden auch Praktikumspl\u00e4tze f\u00fcr Studenten und Absolventen. F\u00fcr Nutzer &hellip;\" \/>\n<meta property=\"og:url\" content=\"https:\/\/cms.munich-startup.net\/en\/service\/jobs\/\" \/>\n<meta property=\"og:site_name\" content=\"Munich Startup\" \/>\n<meta property=\"article:publisher\" content=\"https:\/\/www.facebook.com\/munichstartup\/\" \/>\n<meta property=\"article:modified_time\" content=\"2022-07-04T05:52:17+00:00\" \/>\n<meta name=\"twitter:card\" content=\"summary_large_image\" \/>\n<meta name=\"twitter:site\" content=\"@munich_startup\" \/>\n<meta name=\"twitter:label1\" content=\"Est. reading time\" \/>\n\t<meta name=\"twitter:data1\" content=\"2 minutes\" \/>\n<script type=\"application\/ld+json\" class=\"yoast-schema-graph\">{\"@context\":\"https:\/\/schema.org\",\"@graph\":[{\"@type\":\"WebPage\",\"@id\":\"https:\/\/cms.munich-startup.net\/en\/service\/jobs\/\",\"url\":\"https:\/\/cms.munich-startup.net\/en\/service\/jobs\/\",\"name\":\"Jobs - Munich Startup\",\"isPartOf\":{\"@id\":\"https:\/\/cms.munich-startup.net\/#website\"},\"datePublished\":\"2015-12-08T14:57:20+00:00\",\"dateModified\":\"2022-07-04T05:52:17+00:00\",\"breadcrumb\":{\"@id\":\"https:\/\/cms.munich-startup.net\/en\/service\/jobs\/#breadcrumb\"},\"inLanguage\":\"en-US\",\"potentialAction\":[{\"@type\":\"ReadAction\",\"target\":[\"https:\/\/cms.munich-startup.net\/en\/service\/jobs\/\"]}]},{\"@type\":\"BreadcrumbList\",\"@id\":\"https:\/\/cms.munich-startup.net\/en\/service\/jobs\/#breadcrumb\",\"itemListElement\":[{\"@type\":\"ListItem\",\"position\":1,\"name\":\"Home\",\"item\":\"https:\/\/cms.munich-startup.net\/\"},{\"@type\":\"ListItem\",\"position\":2,\"name\":\"Infos f\u00fcr Startups\",\"item\":\"https:\/\/cms.munich-startup.net\/service\/\"},{\"@type\":\"ListItem\",\"position\":3,\"name\":\"Jobs\"}]},{\"@type\":\"WebSite\",\"@id\":\"https:\/\/cms.munich-startup.net\/#website\",\"url\":\"https:\/\/cms.munich-startup.net\/\",\"name\":\"Munich Startup\",\"description\":\"Das offizielle Startup-Portal f\u00fcr M\u00fcnchen\",\"potentialAction\":[{\"@type\":\"SearchAction\",\"target\":{\"@type\":\"EntryPoint\",\"urlTemplate\":\"https:\/\/cms.munich-startup.net\/?s={search_term_string}\"},\"query-input\":{\"@type\":\"PropertyValueSpecification\",\"valueRequired\":true,\"valueName\":\"search_term_string\"}}],\"inLanguage\":\"en-US\"}]}<\/script>\n<!-- \/ Yoast SEO plugin. -->","yoast_head_json":{"title":"Jobs - Munich Startup","robots":{"index":"index","follow":"follow","max-snippet":"max-snippet:-1","max-image-preview":"max-image-preview:large","max-video-preview":"max-video-preview:-1"},"canonical":"https:\/\/cms.munich-startup.net\/en\/service\/jobs\/","og_locale":"en_US","og_type":"article","og_title":"Jobs - Munich Startup","og_description":"Ihr seid auf der Suche nach Mitarbeitern mit besonderem Faible f\u00fcr die Startup-Szene? Du m\u00f6chtest Deine Sporen in einem aufstrebenden Jungunternehmen verdienen?&nbsp; In Jobportalen f\u00fcr Startups treffen Gr\u00fcnder mit Personalbedarf auf Fachkr\u00e4fte, die gezielt in der Startup-Szene nach neuen Herausforderungen suchen.&nbsp;Gehandelt werden auch Praktikumspl\u00e4tze f\u00fcr Studenten und Absolventen. F\u00fcr Nutzer &hellip;","og_url":"https:\/\/cms.munich-startup.net\/en\/service\/jobs\/","og_site_name":"Munich Startup","article_publisher":"https:\/\/www.facebook.com\/munichstartup\/","article_modified_time":"2022-07-04T05:52:17+00:00","twitter_card":"summary_large_image","twitter_site":"@munich_startup","twitter_misc":{"Est. reading time":"2 minutes"},"schema":{"@context":"https:\/\/schema.org","@graph":[{"@type":"WebPage","@id":"https:\/\/cms.munich-startup.net\/en\/service\/jobs\/","url":"https:\/\/cms.munich-startup.net\/en\/service\/jobs\/","name":"Jobs - Munich Startup","isPartOf":{"@id":"https:\/\/cms.munich-startup.net\/#website"},"datePublished":"2015-12-08T14:57:20+00:00","dateModified":"2022-07-04T05:52:17+00:00","breadcrumb":{"@id":"https:\/\/cms.munich-startup.net\/en\/service\/jobs\/#breadcrumb"},"inLanguage":"en-US","potentialAction":[{"@type":"ReadAction","target":["https:\/\/cms.munich-startup.net\/en\/service\/jobs\/"]}]},{"@type":"BreadcrumbList","@id":"https:\/\/cms.munich-startup.net\/en\/service\/jobs\/#breadcrumb","itemListElement":[{"@type":"ListItem","position":1,"name":"Home","item":"https:\/\/cms.munich-startup.net\/"},{"@type":"ListItem","position":2,"name":"Infos f\u00fcr Startups","item":"https:\/\/cms.munich-startup.net\/service\/"},{"@type":"ListItem","position":3,"name":"Jobs"}]},{"@type":"WebSite","@id":"https:\/\/cms.munich-startup.net\/#website","url":"https:\/\/cms.munich-startup.net\/","name":"Munich Startup","description":"The official startup portal for Munich","potentialAction":[{"@type":"SearchAction","target":{"@type":"EntryPoint","urlTemplate":"https:\/\/cms.munich-startup.net\/?s={search_term_string}"},"query-input":{"@type":"PropertyValueSpecification","valueRequired":true,"valueName":"search_term_string"}}],"inLanguage":"en-US"}]}},"_edit_lock":"1712746285:44","_edit_last":"39","_wp_page_template":"views\/template-services.blade.php","wbounce_status":"default","_yoast_wpseo_content_score":"30","_showyear":"","_inactive":"","_wpbitly":"","ms_image_format":"contentwidth","_ms_image_format":"field_5cb8587572c8b","ms_dachzeile":"","_ms_dachzeile":"field_5cd9b7f365df5","ms_bump_post_date":"","_ms_bump_post_date":"field_5d1341edcf42a","_show_financing":"","_hide_on_map":"","_yoast_wpseo_focuskw":"","_yoast_wpseo_title":"","_yoast_wpseo_metadesc":"","_yoast_wpseo_linkdex":"","_yoast_wpseo_estimated-reading-time-minutes":"2","easy_language_simplification_original_id":"","easy_language_source_language":"","easy_language_simplification_language":"","easy_language_api":"","easy_language_prevent_automatic_mode":"","easy_language_simplification_state_changed_from":"","_yoast_wpseo_focuskw_text_input":"","_yoast_wpseo_wordproof_timestamp":"","footnotes":"","_yoast_wpseo_meta-robots-noindex":"","easy_language_text_language":"","easy_language_simplified_in":"","_pprredirect_active":"","_pprredirect_type":"","_pprredirect_url":"","_yoast_wpseo_opengraph-image":"","_yoast_wpseo_opengraph-image-id":"","_yoast_wpseo_twitter-image":"","_yoast_wpseo_twitter-image-id":"","_thumbnail_id":"","_links":{"self":[{"href":"https:\/\/cms.munich-startup.net\/en\/wp-json\/wp\/v2\/pages\/5957"}],"collection":[{"href":"https:\/\/cms.munich-startup.net\/en\/wp-json\/wp\/v2\/pages"}],"about":[{"href":"https:\/\/cms.munich-startup.net\/en\/wp-json\/wp\/v2\/types\/page"}],"author":[{"embeddable":true,"href":"https:\/\/cms.munich-startup.net\/en\/wp-json\/wp\/v2\/users\/26"}],"replies":[{"embeddable":true,"href":"https:\/\/cms.munich-startup.net\/en\/wp-json\/wp\/v2\/comments?post=5957"}],"version-history":[{"count":4,"href":"https:\/\/cms.munich-startup.net\/en\/wp-json\/wp\/v2\/pages\/5957\/revisions"}],"predecessor-version":[{"id":83744,"href":"https:\/\/cms.munich-startup.net\/en\/wp-json\/wp\/v2\/pages\/5957\/revisions\/83744"}],"up":[{"embeddable":true,"href":"https:\/\/cms.munich-startup.net\/en\/wp-json\/wp\/v2\/pages\/5768"}],"wp:attachment":[{"href":"https:\/\/cms.munich-startup.net\/en\/wp-json\/wp\/v2\/media?parent=5957"}],"curies":[{"name":"wp","href":"https:\/\/api.w.org\/{rel}","templated":true}]}}