{"id":5925,"date":"2015-12-08T15:59:38","date_gmt":"2015-12-08T14:59:38","guid":{"rendered":"http:\/\/cms.munich-startup.net\/?page_id=5925"},"modified":"2024-09-06T14:27:07","modified_gmt":"2024-09-06T12:27:07","slug":"incubators-and-accelerators","status":"publish","type":"page","link":"https:\/\/cms.munich-startup.net\/en\/service\/incubators-and-accelerators\/","title":{"rendered":"Incubators and accelerators in Munich"},"content":{"rendered":"<div class=\"entry-content\">\n<p><strong>Do you have a business idea, but need support? Incubators and accelerators in Munich can help you develop a viable business concept and find network partners,&nbsp;<a href=\"\/en\/service\/rooms\/\">premises<\/a>, infrastructure and mentors can help. <\/strong><\/p>\n\n\n\n<p>The list of incubators and accelerators in Munich is diverse. The key is to find a program that&#039;s tailored to your current situation and business area. <\/p>\n\n\n\n<p>If you&#039;re just starting out, the programs offered by Munich&#039;s universities and colleges might be a good fit.  <\/p>\n\n\n\n<h2 class=\"wp-block-heading\">Offers from Munich universities and colleges <\/h2>\n\n\n\n<p><strong><a href=\"\/en\/13313\/asked-about-entrepreneurship\/\">UnternehmerTUM<\/a><\/strong>, the Center for Innovation and Entrepreneurship at the Technical University of Munich, develops and connects talent, technologies, capital, and customers. Managing Director Helmut Sch\u00f6nenberger on the work of UnternehmerTUM:<\/p>\n\n\n\n<p class=\"has-text-color\" style=\"color:#1670b1\"><em>&quot;We offer founders a comprehensive service from the initial idea to the IPO. A team of experienced entrepreneurs, scientists, managers, and investors supports startups in the development of their products and services. Our [...] employees actively support them in building the company, entering the market, and securing financing\u2014including through the UnternehmerTUM fund.&quot; <\/em><\/p>\n\n\n\n<p>The <strong><a href=\"\/en\/81241\/interview-julia-wimmer-lmu-iec\/\">LMU Innovation &amp; Entrepreneurship Center (LMU IEC)<\/a><\/strong> The goal of the LMU IEC is to promote innovative and entrepreneurial thinking and action across all LMU faculties and to support innovations with social added value on their path to becoming business models. Through the three program pillars &quot;inspire,&quot; &quot;innovate,&quot; and &quot;take off,&quot; the LMU IEC offers courses, workshops, events, and startup programs for LMU students and researchers.<\/p>\n\n\n\n<p>The <strong><a href=\"\/en\/38999\/klaus-sailer-interview\/\">Strascheg Center for Entrepreneurship (SCE)<\/a><\/strong> The Munich University of Applied Sciences offers educational and research programs in the field of entrepreneurship, promotes innovation processes, and the development of entrepreneurial personalities. The SCE supports start-ups from academia and accompanies young companies from idea development to marketable innovation. <\/p>\n\n\n\n<p>The <strong><a href=\"\/en\/41813\/cdtm-asked\/\">Center for Digital Technology and Management (CDTM)<\/a><\/strong> is a joint research and teaching institute of the Technical University of Munich and the Ludwig Maximilian University of Munich. Its focus is on the education of highly gifted students, applied ICT research, and the promotion of entrepreneurship.<\/p>\n\n\n\n<h2 class=\"wp-block-heading\">For tech and early-stage startups <\/h2>\n\n\n\n<p><strong><a href=\"\/en\/31389\/asked-by-techfounders\/\">Techfounders<\/a><\/strong> is an accelerator program and an initiative of UnternehmerTUM. The twenty-week program is aimed at technology startups in the fields of automotive, mobility, automation and robotics, electronics, cleantech, technology education, and industrial <a href=\"\/en\/32912\/iot-munich-startups\/\">IoT<\/a>The two classes per year are supervised by over 200 mentors. The startups also receive \u20ac25,000 for further project development. Uniquely, the startups do not have to give up any company shares for any of these services. <\/p>\n\n\n\n<p><strong><a rel=\"noreferrer noopener\" href=\"https:\/\/www.plugandplaytechcenter.com\/munich\/\" target=\"_blank\">Plug and Play Munich<\/a><\/strong> Plug and Play is an innovation platform, coworking community, and event space. Launched in Munich at the end of 2017, Plug and Play operates accelerator programs in three different industries: insurtech, healthcare, and retailtech.<\/p>\n\n\n\n<p><a aria-label=\" (opens in new tab)\" rel=\"noreferrer noopener\" href=\"https:\/\/xpreneurs.io\/\" target=\"_blank\"><strong>Xpreneurs<\/strong><\/a> offers a three-month full-time incubator program aimed at early-stage, high-tech startups preparing for market launch. Participants in the UnternehmerTUM program receive intensive coaching and mentoring, as well as access to <a href=\"\/en\/32463\/asked-at-the-makerspace\/\">Makerspace<\/a> and the incubator&#039;s network. Startup teams can use workspaces in Munich and Garching.<\/p>\n\n\n\n<p><strong><a href=\"https:\/\/start2.group\/program\/start2raise\/\" target=\"_blank\" rel=\"noreferrer noopener\">Start2raise<\/a><\/strong> is the fundraising accelerator for pre-seed and series A startups from all industries of the <a href=\"https:\/\/start2.group\/\" target=\"_blank\" rel=\"noreferrer noopener\">Start2 Group<\/a> (formerly German Entrepreneurship). Formerly known as the Master Accelerator, Start2raise has already helped numerous founders successfully complete their first or subsequent financing rounds. During the six-month support phase, startups develop their fundraising strategy with mentors, prepare their investor pitch, and gain valuable knowledge for their financing round. Additionally, the program connects startups with Start2Group&#039;s extensive network of investors and partners and offers numerous networking opportunities, such as the Cashwalk pitch event. All participating teams have the opportunity to use co-working spaces in Start2Group&#039;s Munich office.<\/p>\n\n\n\n<p>As a start-up center on the research campus in Garching near Munich, the <a href=\"http:\/\/www.gategarching.com\" target=\"_blank\" rel=\"noreferrer noopener\"><strong>gate Garching<\/strong><\/a> Tech startups are growing. At gate, startups move into their own office, receive advice from experienced coaches, use professional meeting rooms, and benefit from the knowledge of the community. The founders particularly appreciate the location on the research campus, directly next to the UnternehmerTUM and the high-tech workshop MakerSpace.<\/p>\n\n\n\n<p><strong><a href=\"https:\/\/www.maximize-incubator.com\/\">Max!mize<\/a><\/strong> supports scientists in becoming entrepreneurs. The goal of Max Planck Innovation&#039;s official startup incubation program for the Max Planck Society is to create the perfect environment for science-based entrepreneurship, where potential founders can learn and grow in a safe yet challenging atmosphere. They receive personalized support with their startup idea and learn how to apply new skills in the search for and design of viable business models. The key ingredients: startup expertise, networking, and financial support.<\/p>\n\n\n\n<h2 class=\"wp-block-heading\">Special Interest: Space, Biotechnology, Media, Food, Agritech, Information and Communication Technology <\/h2>\n\n\n\n<p>The start-up program of the<strong> <a href=\"\/en\/16053\/asked-at-azo-esa-bic\/\">ESA Business Incubation Center (BIC) Bavaria<\/a><\/strong> The Oberpfaffenhofen Application Center provides financial and technical support to young companies whose business model is based on the use of space technologies or space infrastructures for products in other economic sectors.<\/p>\n\n\n\n<p>Supported for over 20 years <a rel=\"noopener noreferrer\" href=\"http:\/\/www.bio-m.org\" target=\"_blank\"><strong>BioM<\/strong><\/a> The Southern Bavarian biotechnology startup scene acts as a &quot;networker for everything&quot;: from idea to innovation, from business plan to funding or financing, and finally to founding. The network operates locally, nationally, and internationally, providing founders with the right contacts at the right time.<\/p>\n\n\n\n<p>The <strong>EIT Food Accelerator Network<\/strong> offers a four-month accelerator program for startups in the food and agritech sectors. It provides access to the industry, experts, and mentors. The program is implemented in Munich by UnternehmerTUM and runs concurrently in five other European cities.<\/p>\n\n\n\n<p>The<strong> <a href=\"\/en\/19098\/asked-at-the-izb\/\">Biotechnology Innovation and Start-up Center (IZB)<\/a><\/strong> is one of the most successful biotechnology centers in the world. At the Planegg-Martinsried location, startups focused on medical biotechnology find space and a large network. <\/p>\n\n\n\n<p>The <strong><a aria-label=\" (opens in new tab)\" href=\"https:\/\/www.media-lab.de\/\" target=\"_blank\" rel=\"noreferrer noopener\">Media Lab Bayern<\/a><\/strong> is the place for everyone who wants to help shape media change. The coworking space and ideas incubator for digital journalism in the east of Munich offers <a href=\"\/en\/service\/rooms\/\">Work spaces <\/a>for young talents and supports the founding of media startups with a Founders Fellowship.<\/p>\n\n\n\n<p><strong><a href=\"\/en\/48738\/interview-with-christian-lindener-from-wayra\/\">Wayra<\/a><\/strong>, Telefonica&#039;s startup accelerator, is looking for business ideas in the internet and new technologies sectors. Startups can expect funding, specialized mentors, training, and professional business consulting, as well as access to the Telefonica Group&#039;s business contacts. <\/p>\n\n\n\n<h2 class=\"wp-block-heading\">Think big \u2014 support for internationalization<\/h2>\n\n\n\n<p>If you want to take the leap across the pond or into Asia with your startup, you should take a look at the program of the <strong><a href=\"\/en\/50214\/asked-at-the-german-accelerator\/\">German Accelerator<\/a><\/strong> The accelerator supports the most promising German startups in their international expansion. At the innovation hubs of San Francisco, Silicon Valley, New York, Boston, and Singapore, the team of experienced experts and mentors actively supports the selected companies with local expertise and various workshops and training opportunities. <\/p>\n\n\n\n<p>You can find many more consulting services and tips for startups that want to establish themselves internationally in our<a href=\"\/en\/service\/start-up-advice\/\"> Overview of start-up advice<\/a>.<\/p>\n\n\n\n<h2 class=\"wp-block-heading\">Go social \u2014 social entrepreneurship<\/h2>\n\n\n\n<p>The <strong><a href=\"\/en\/13471\/asked-in-the-impact-hub\/\">Impact Hub Munich<\/a><\/strong> is an innovation space for sustainable business, a framework and stimulus for creative work and entrepreneurship for the common good. Hub founders Joscha Lautner and Johann Schorr on the Hub&#039;s focus: <\/p>\n\n\n\n<p class=\"has-text-color\" style=\"color:#1670b1\"><em>&quot;We bring together startups in the pre- and post-foundation phase, as well as established companies, independent consultants, CSR employees, project staff, and non-governmental organizations. All share the goal of working for a better world. Our members receive targeted support and advice tailored to their individual needs, not only through our network but also through our programs.&quot;<\/em><\/p>\n\n\n\n<p><a href=\"https:\/\/respond-accelerator.com\/\" target=\"_blank\" rel=\"noreferrer noopener\"><strong>Respond<\/strong><\/a> is an accelerator of the BMW Stiftung Herbert Quandt for impact-driven tech startups, operated by UnternehmerTUM, which serves to accelerate company founding and empower leaders to take their companies to the next level.<\/p>\n\n\n\n<h3 class=\"wp-block-heading\">Other incubators and accelerators in Munich<\/h3>\n\n\n\n<p>Are you primarily looking for premises? Then this could be <strong><a href=\"\/en\/21703\/asked-at-mtz\/\">Munich Technology Center<\/a><\/strong> (MTZ) might be just right for you. The MTZ supports founders and young companies from all technology sectors during their start-up phase by providing suitable space and intensive coaching. <\/p>\n\n\n\n<p><span class=\"text_exposed_show\">The <a rel=\"noreferrer noopener\" aria-label=\"WERK1 (opens in new tab)\" href=\"https:\/\/www.werk1.com\/\" target=\"_blank\"><strong>Plant1<\/strong><\/a><strong> <\/strong>at Ostbahnhof focuses on coworking. Freelancers, startups, and small business owners find excellent networking opportunities, workspaces, and office space here. The incubator program, in turn, connects you with mentors and provides intensive support along the way. <\/span><\/p>\n\n\n\n<hr class=\"wp-block-separator has-css-opacity\" \/>\n\n\n\n<p>You can find more incubators and accelerators in Munich in our <a href=\"\/en\/category\/startup-stories\/nachgefragt-bei\/\">Category &#039;Scene&#039;<\/a>.<\/p>\n<\/div>","protected":false},"excerpt":{"rendered":"<p>Do you have a business idea, but could you use some support? Incubators and accelerators in Munich can help you develop a viable business concept and find network partners, premises, infrastructure, and mentors. The list of Munich incubators and accelerators is diverse. The key is to find a program that&#039;s tailored to your current situation...<\/p>","protected":false},"author":26,"featured_media":0,"parent":5768,"menu_order":0,"comment_status":"closed","ping_status":"closed","template":"views\/template-services.blade.php","meta":{"_acf_changed":false,"footnotes":""},"acf":[],"yoast_head":"<!-- This site is optimized with the Yoast SEO plugin v26.1.1 - https:\/\/yoast.com\/wordpress\/plugins\/seo\/ -->\n<title>Inkubatoren und Acceleratoren in M\u00fcnchen \u2013 Eine \u00dcbersicht<\/title>\n<meta name=\"description\" content=\"Ihr wollt gr\u00fcnden und seid auf der Suche nach Unterst\u00fctzung? Dann k\u00f6nnten Euch die Inkubatoren und Acceleratoren in M\u00fcnchen weiterhelfen.\" \/>\n<meta name=\"robots\" content=\"index, follow, max-snippet:-1, max-image-preview:large, max-video-preview:-1\" \/>\n<link rel=\"canonical\" href=\"https:\/\/cms.munich-startup.net\/en\/service\/incubators-and-accelerators\/\" \/>\n<meta property=\"og:locale\" content=\"en_US\" \/>\n<meta property=\"og:type\" content=\"article\" \/>\n<meta property=\"og:title\" content=\"Inkubatoren und Acceleratoren in M\u00fcnchen \u2013 Eine \u00dcbersicht\" \/>\n<meta property=\"og:description\" content=\"Ihr wollt gr\u00fcnden und seid auf der Suche nach Unterst\u00fctzung? Dann k\u00f6nnten Euch die Inkubatoren und Acceleratoren in M\u00fcnchen weiterhelfen.\" \/>\n<meta property=\"og:url\" content=\"https:\/\/cms.munich-startup.net\/en\/service\/incubators-and-accelerators\/\" \/>\n<meta property=\"og:site_name\" content=\"Munich Startup\" \/>\n<meta property=\"article:publisher\" content=\"https:\/\/www.facebook.com\/munichstartup\/\" \/>\n<meta property=\"article:modified_time\" content=\"2024-09-06T12:27:07+00:00\" \/>\n<meta name=\"twitter:card\" content=\"summary_large_image\" \/>\n<meta name=\"twitter:site\" content=\"@munich_startup\" \/>\n<meta name=\"twitter:label1\" content=\"Est. reading time\" \/>\n\t<meta name=\"twitter:data1\" content=\"7 minutes\" \/>\n<script type=\"application\/ld+json\" class=\"yoast-schema-graph\">{\"@context\":\"https:\/\/schema.org\",\"@graph\":[{\"@type\":\"WebPage\",\"@id\":\"https:\/\/cms.munich-startup.net\/service\/incubatoren-und-acceleratoren\/\",\"url\":\"https:\/\/cms.munich-startup.net\/service\/incubatoren-und-acceleratoren\/\",\"name\":\"Inkubatoren und Acceleratoren in M\u00fcnchen \u2013 Eine \u00dcbersicht\",\"isPartOf\":{\"@id\":\"https:\/\/cms.munich-startup.net\/#website\"},\"datePublished\":\"2015-12-08T14:59:38+00:00\",\"dateModified\":\"2024-09-06T12:27:07+00:00\",\"description\":\"Ihr wollt gr\u00fcnden und seid auf der Suche nach Unterst\u00fctzung? Dann k\u00f6nnten Euch die Inkubatoren und Acceleratoren in M\u00fcnchen weiterhelfen.\",\"breadcrumb\":{\"@id\":\"https:\/\/cms.munich-startup.net\/service\/incubatoren-und-acceleratoren\/#breadcrumb\"},\"inLanguage\":\"en-US\",\"potentialAction\":[{\"@type\":\"ReadAction\",\"target\":[\"https:\/\/cms.munich-startup.net\/service\/incubatoren-und-acceleratoren\/\"]}]},{\"@type\":\"BreadcrumbList\",\"@id\":\"https:\/\/cms.munich-startup.net\/service\/incubatoren-und-acceleratoren\/#breadcrumb\",\"itemListElement\":[{\"@type\":\"ListItem\",\"position\":1,\"name\":\"Home\",\"item\":\"https:\/\/cms.munich-startup.net\/\"},{\"@type\":\"ListItem\",\"position\":2,\"name\":\"Infos f\u00fcr Startups\",\"item\":\"https:\/\/cms.munich-startup.net\/service\/\"},{\"@type\":\"ListItem\",\"position\":3,\"name\":\"Inkubatoren und Acceleratoren in M\u00fcnchen\"}]},{\"@type\":\"WebSite\",\"@id\":\"https:\/\/cms.munich-startup.net\/#website\",\"url\":\"https:\/\/cms.munich-startup.net\/\",\"name\":\"Munich Startup\",\"description\":\"Das offizielle Startup-Portal f\u00fcr M\u00fcnchen\",\"potentialAction\":[{\"@type\":\"SearchAction\",\"target\":{\"@type\":\"EntryPoint\",\"urlTemplate\":\"https:\/\/cms.munich-startup.net\/?s={search_term_string}\"},\"query-input\":{\"@type\":\"PropertyValueSpecification\",\"valueRequired\":true,\"valueName\":\"search_term_string\"}}],\"inLanguage\":\"en-US\"}]}<\/script>\n<!-- \/ Yoast SEO plugin. -->","yoast_head_json":{"title":"Incubators and accelerators in Munich \u2013 An overview","description":"If you&#039;re looking to start a business and need support, Munich&#039;s incubators and accelerators could help.","robots":{"index":"index","follow":"follow","max-snippet":"max-snippet:-1","max-image-preview":"max-image-preview:large","max-video-preview":"max-video-preview:-1"},"canonical":"https:\/\/cms.munich-startup.net\/en\/service\/incubators-and-accelerators\/","og_locale":"en_US","og_type":"article","og_title":"Inkubatoren und Acceleratoren in M\u00fcnchen \u2013 Eine \u00dcbersicht","og_description":"Ihr wollt gr\u00fcnden und seid auf der Suche nach Unterst\u00fctzung? Dann k\u00f6nnten Euch die Inkubatoren und Acceleratoren in M\u00fcnchen weiterhelfen.","og_url":"https:\/\/cms.munich-startup.net\/en\/service\/incubators-and-accelerators\/","og_site_name":"Munich Startup","article_publisher":"https:\/\/www.facebook.com\/munichstartup\/","article_modified_time":"2024-09-06T12:27:07+00:00","twitter_card":"summary_large_image","twitter_site":"@munich_startup","twitter_misc":{"Est. reading time":"7 minutes"},"schema":{"@context":"https:\/\/schema.org","@graph":[{"@type":"WebPage","@id":"https:\/\/cms.munich-startup.net\/service\/incubatoren-und-acceleratoren\/","url":"https:\/\/cms.munich-startup.net\/service\/incubatoren-und-acceleratoren\/","name":"Incubators and accelerators in Munich \u2013 An overview","isPartOf":{"@id":"https:\/\/cms.munich-startup.net\/#website"},"datePublished":"2015-12-08T14:59:38+00:00","dateModified":"2024-09-06T12:27:07+00:00","description":"If you&#039;re looking to start a business and need support, Munich&#039;s incubators and accelerators could help.","breadcrumb":{"@id":"https:\/\/cms.munich-startup.net\/service\/incubatoren-und-acceleratoren\/#breadcrumb"},"inLanguage":"en-US","potentialAction":[{"@type":"ReadAction","target":["https:\/\/cms.munich-startup.net\/service\/incubatoren-und-acceleratoren\/"]}]},{"@type":"BreadcrumbList","@id":"https:\/\/cms.munich-startup.net\/service\/incubatoren-und-acceleratoren\/#breadcrumb","itemListElement":[{"@type":"ListItem","position":1,"name":"Home","item":"https:\/\/cms.munich-startup.net\/"},{"@type":"ListItem","position":2,"name":"Infos f\u00fcr Startups","item":"https:\/\/cms.munich-startup.net\/service\/"},{"@type":"ListItem","position":3,"name":"Inkubatoren und Acceleratoren in M\u00fcnchen"}]},{"@type":"WebSite","@id":"https:\/\/cms.munich-startup.net\/#website","url":"https:\/\/cms.munich-startup.net\/","name":"Munich Startup","description":"The official startup portal for Munich","potentialAction":[{"@type":"SearchAction","target":{"@type":"EntryPoint","urlTemplate":"https:\/\/cms.munich-startup.net\/?s={search_term_string}"},"query-input":{"@type":"PropertyValueSpecification","valueRequired":true,"valueName":"search_term_string"}}],"inLanguage":"en-US"}]}},"_edit_lock":"1732800812:48","_edit_last":"33","_wp_page_template":"views\/template-services.blade.php","wbounce_status":"default","_yoast_wpseo_content_score":"30","_showyear":"","_inactive":"","_wpbitly":"","ms_image_format":"contentwidth","_ms_image_format":"field_5cb8587572c8b","ms_dachzeile":"","_ms_dachzeile":"field_5cd9b7f365df5","ms_bump_post_date":"","_ms_bump_post_date":"field_5d1341edcf42a","_show_financing":"","_hide_on_map":"","_yoast_wpseo_focuskw":"Inkubatoren und Acceleratoren in M\u00fcnchen","_yoast_wpseo_title":"Inkubatoren und Acceleratoren in M\u00fcnchen \u2013 Eine \u00dcbersicht","_yoast_wpseo_metadesc":"Ihr wollt gr\u00fcnden und seid auf der Suche nach Unterst\u00fctzung? Dann k\u00f6nnten Euch die Inkubatoren und Acceleratoren in M\u00fcnchen weiterhelfen.","_yoast_wpseo_linkdex":"69","_yoast_wpseo_estimated-reading-time-minutes":"7","easy_language_simplification_original_id":"","easy_language_source_language":"","easy_language_simplification_language":"","easy_language_api":"","easy_language_prevent_automatic_mode":"","easy_language_simplification_state_changed_from":"","_yoast_wpseo_focuskw_text_input":"","_yoast_wpseo_wordproof_timestamp":"","footnotes":"","_yoast_wpseo_meta-robots-noindex":"","easy_language_text_language":"","easy_language_simplified_in":"","_pprredirect_active":"","_pprredirect_type":"","_pprredirect_url":"","_yoast_wpseo_opengraph-image":"","_yoast_wpseo_opengraph-image-id":"","_yoast_wpseo_twitter-image":"","_yoast_wpseo_twitter-image-id":"","_thumbnail_id":"","_links":{"self":[{"href":"https:\/\/cms.munich-startup.net\/en\/wp-json\/wp\/v2\/pages\/5925"}],"collection":[{"href":"https:\/\/cms.munich-startup.net\/en\/wp-json\/wp\/v2\/pages"}],"about":[{"href":"https:\/\/cms.munich-startup.net\/en\/wp-json\/wp\/v2\/types\/page"}],"author":[{"embeddable":true,"href":"https:\/\/cms.munich-startup.net\/en\/wp-json\/wp\/v2\/users\/26"}],"replies":[{"embeddable":true,"href":"https:\/\/cms.munich-startup.net\/en\/wp-json\/wp\/v2\/comments?post=5925"}],"version-history":[{"count":3,"href":"https:\/\/cms.munich-startup.net\/en\/wp-json\/wp\/v2\/pages\/5925\/revisions"}],"predecessor-version":[{"id":104575,"href":"https:\/\/cms.munich-startup.net\/en\/wp-json\/wp\/v2\/pages\/5925\/revisions\/104575"}],"up":[{"embeddable":true,"href":"https:\/\/cms.munich-startup.net\/en\/wp-json\/wp\/v2\/pages\/5768"}],"wp:attachment":[{"href":"https:\/\/cms.munich-startup.net\/en\/wp-json\/wp\/v2\/media?parent=5925"}],"curies":[{"name":"wp","href":"https:\/\/api.w.org\/{rel}","templated":true}]}}