{"id":5924,"date":"2015-12-08T16:02:49","date_gmt":"2015-12-08T15:02:49","guid":{"rendered":"http:\/\/cms.munich-startup.net\/?page_id=5924"},"modified":"2026-03-06T16:13:27","modified_gmt":"2026-03-06T15:13:27","slug":"rooms","status":"publish","type":"page","link":"https:\/\/cms.munich-startup.net\/en\/service\/rooms\/","title":{"rendered":"Workspace for Startups"},"content":{"rendered":"<div class=\"entry-content\">\n<p>Munich is a booming startup hub, and space for startups is accordingly scarce. Just like the search for housing, finding suitable space for startups is sometimes not easy. About our <a href=\"\/en\/pinboard\/raeumlichkeiten\/\" target=\"_blank\" rel=\"noreferrer noopener\">Pinboard <\/a>You can find out where a suitable free desk is currently located, or where a single unused office and larger spaces are available. The following overview will also help you find the right place to work.<\/p>\n\n\n\n<h2 class=\"wp-block-heading\">Coworking spaces<\/h2>\n\n\n\n<p>Coworking spaces are a good starting point, especially for solo freelancers, creatives and startups in the early stages. <\/p>\n\n\n\n<p>With the <a rel=\"noopener noreferrer\" href=\"https:\/\/coworkingguide.de\/coworking-muenchen\/\" target=\"_blank\">Coworking Guide<\/a> Coworking spaces can be filtered according to different criteria.<\/p>\n\n\n\n<p>The platform <a rel=\"noopener noreferrer\" href=\"https:\/\/www.sharednc.com\/\" target=\"_blank\">ShareDnC<\/a>, short for &quot;Share Desk and Coffee,&quot; provides workspaces for subletting. The service is free for tenants, while landlords pay a one-time fee proportional to the rental price. <a href=\"\/en\/startups\/twostay-work\/\">Twostay<\/a> and <a href=\"\/en\/startups\/shareyourspace\/\">Shareyourspace<\/a> offer workspaces via their platforms.<\/p>\n\n\n\n<h2 class=\"wp-block-heading\">Business incubators offer space for startups<\/h2>\n\n\n\n<p>Important contact points are:<\/p>\n\n\n\n<ul class=\"wp-block-list\">\n<li><a href=\"http:\/\/www.mgh-muc.de\/startseite\/\" target=\"_blank\" rel=\"noopener noreferrer\">Munich commercial courtyards <\/a>and <a href=\"http:\/\/www.mtz.de\/\" target=\"_blank\" rel=\"noopener noreferrer\">the Munich Technology Center (MTZ<\/a>)<\/li>\n\n\n\n<li><a href=\"http:\/\/www.werk1muenchen.de\" target=\"_blank\" rel=\"noopener noreferrer\">WERK1<\/a><\/li>\n\n\n\n<li><a href=\"http:\/\/www.bio-m.org\" target=\"_blank\" rel=\"noopener noreferrer\">BioM Biotech Cluster Development GmbH<\/a><\/li>\n\n\n\n<li><a href=\"http:\/\/www.izb-online.de\/\" target=\"_blank\" rel=\"noopener noreferrer\">Biotechnology Innovation and Start-up Center (IZB)<\/a><\/li>\n\n\n\n<li><a href=\"http:\/\/www.gategarching.com\/\" target=\"_blank\" rel=\"noopener noreferrer\">Gate \u2013 Garching Technology and Startup Center GmbH<\/a><\/li>\n<\/ul>\n\n\n\n<h2 class=\"wp-block-heading\">Spaces for scaleups<\/h2>\n\n\n\n<p>In the area of fast-growing startups \u2013 or scaleups \u2013 with increasing space requirements from approximately 100 square meters, the Referat f\u00fcr Arbeit und Wirtschaft has a <a href=\"\/en\/84490\/spaces-for-scaleups-interview-alexander-schmidbauer\/\">curated network <\/a>private provider called \u201cSpaces4Scaelups\u201d has been set up, which aims to offer and broker space options for scaleups. <a href=\"https:\/\/spaces4scaleups.com\/\" target=\"_blank\" rel=\"noreferrer noopener\">Interested startups can find an overview of the currently offered spaces on the Spaces4Scaleups website<\/a>.<\/p>\n\n\n\n<h2 class=\"wp-block-heading\">Business Center<\/h2>\n\n\n\n<p>Another good option for startups looking for space is business centers.<\/p>\n<\/div>","protected":false},"excerpt":{"rendered":"<p>Munich is a booming startup hub, and space for startups is accordingly scarce. Just like the search for housing, finding the right space for startups can sometimes be challenging. Use our pinboard to find out where a suitable free desk or a single unused office is currently available...<\/p>","protected":false},"author":24,"featured_media":0,"parent":5768,"menu_order":0,"comment_status":"closed","ping_status":"closed","template":"views\/template-services.blade.php","meta":{"_acf_changed":false,"footnotes":""},"acf":[],"yoast_head":"<!-- This site is optimized with the Yoast SEO plugin v26.1.1 - https:\/\/yoast.com\/wordpress\/plugins\/seo\/ -->\n<title>Hier findet Ihr R\u00e4ume f\u00fcr Startups - Munich Startup<\/title>\n<meta name=\"description\" content=\"Ob freier Schreibtisch, einzelnes ungenutztes B\u00fcro oder gr\u00f6\u00dfere R\u00e4umlichkeiten: Mit der folgenden \u00dcbersicht findet Ihr R\u00e4ume f\u00fcr Startups.\" \/>\n<meta name=\"robots\" content=\"index, follow, max-snippet:-1, max-image-preview:large, max-video-preview:-1\" \/>\n<link rel=\"canonical\" href=\"https:\/\/cms.munich-startup.net\/en\/service\/rooms\/\" \/>\n<meta property=\"og:locale\" content=\"en_US\" \/>\n<meta property=\"og:type\" content=\"article\" \/>\n<meta property=\"og:title\" content=\"Hier findet Ihr R\u00e4ume f\u00fcr Startups - Munich Startup\" \/>\n<meta property=\"og:description\" content=\"Ob freier Schreibtisch, einzelnes ungenutztes B\u00fcro oder gr\u00f6\u00dfere R\u00e4umlichkeiten: Mit der folgenden \u00dcbersicht findet Ihr R\u00e4ume f\u00fcr Startups.\" \/>\n<meta property=\"og:url\" content=\"https:\/\/cms.munich-startup.net\/en\/service\/rooms\/\" \/>\n<meta property=\"og:site_name\" content=\"Munich Startup\" \/>\n<meta property=\"article:publisher\" content=\"https:\/\/www.facebook.com\/munichstartup\/\" \/>\n<meta property=\"article:modified_time\" content=\"2026-03-06T15:13:27+00:00\" \/>\n<meta name=\"twitter:card\" content=\"summary_large_image\" \/>\n<meta name=\"twitter:site\" content=\"@munich_startup\" \/>\n<meta name=\"twitter:label1\" content=\"Est. reading time\" \/>\n\t<meta name=\"twitter:data1\" content=\"2 minutes\" \/>\n<script type=\"application\/ld+json\" class=\"yoast-schema-graph\">{\"@context\":\"https:\/\/schema.org\",\"@graph\":[{\"@type\":\"WebPage\",\"@id\":\"https:\/\/cms.munich-startup.net\/service\/raeume\/\",\"url\":\"https:\/\/cms.munich-startup.net\/service\/raeume\/\",\"name\":\"Hier findet Ihr R\u00e4ume f\u00fcr Startups - Munich Startup\",\"isPartOf\":{\"@id\":\"https:\/\/cms.munich-startup.net\/#website\"},\"datePublished\":\"2015-12-08T15:02:49+00:00\",\"dateModified\":\"2026-03-06T15:13:27+00:00\",\"description\":\"Ob freier Schreibtisch, einzelnes ungenutztes B\u00fcro oder gr\u00f6\u00dfere R\u00e4umlichkeiten: Mit der folgenden \u00dcbersicht findet Ihr R\u00e4ume f\u00fcr Startups.\",\"breadcrumb\":{\"@id\":\"https:\/\/cms.munich-startup.net\/service\/raeume\/#breadcrumb\"},\"inLanguage\":\"en-US\",\"potentialAction\":[{\"@type\":\"ReadAction\",\"target\":[\"https:\/\/cms.munich-startup.net\/service\/raeume\/\"]}]},{\"@type\":\"BreadcrumbList\",\"@id\":\"https:\/\/cms.munich-startup.net\/service\/raeume\/#breadcrumb\",\"itemListElement\":[{\"@type\":\"ListItem\",\"position\":1,\"name\":\"Home\",\"item\":\"https:\/\/cms.munich-startup.net\/\"},{\"@type\":\"ListItem\",\"position\":2,\"name\":\"Infos f\u00fcr Startups\",\"item\":\"https:\/\/cms.munich-startup.net\/service\/\"},{\"@type\":\"ListItem\",\"position\":3,\"name\":\"R\u00e4ume f\u00fcr Startups\"}]},{\"@type\":\"WebSite\",\"@id\":\"https:\/\/cms.munich-startup.net\/#website\",\"url\":\"https:\/\/cms.munich-startup.net\/\",\"name\":\"Munich Startup\",\"description\":\"Das offizielle Startup-Portal f\u00fcr M\u00fcnchen\",\"potentialAction\":[{\"@type\":\"SearchAction\",\"target\":{\"@type\":\"EntryPoint\",\"urlTemplate\":\"https:\/\/cms.munich-startup.net\/?s={search_term_string}\"},\"query-input\":{\"@type\":\"PropertyValueSpecification\",\"valueRequired\":true,\"valueName\":\"search_term_string\"}}],\"inLanguage\":\"en-US\"}]}<\/script>\n<!-- \/ Yoast SEO plugin. -->","yoast_head_json":{"title":"Here you will find spaces for startups - Munich Startup","description":"Whether you need a free desk, a single unused office, or larger premises, the following overview will help you find space for startups.","robots":{"index":"index","follow":"follow","max-snippet":"max-snippet:-1","max-image-preview":"max-image-preview:large","max-video-preview":"max-video-preview:-1"},"canonical":"https:\/\/cms.munich-startup.net\/en\/service\/rooms\/","og_locale":"en_US","og_type":"article","og_title":"Hier findet Ihr R\u00e4ume f\u00fcr Startups - Munich Startup","og_description":"Ob freier Schreibtisch, einzelnes ungenutztes B\u00fcro oder gr\u00f6\u00dfere R\u00e4umlichkeiten: Mit der folgenden \u00dcbersicht findet Ihr R\u00e4ume f\u00fcr Startups.","og_url":"https:\/\/cms.munich-startup.net\/en\/service\/rooms\/","og_site_name":"Munich Startup","article_publisher":"https:\/\/www.facebook.com\/munichstartup\/","article_modified_time":"2026-03-06T15:13:27+00:00","twitter_card":"summary_large_image","twitter_site":"@munich_startup","twitter_misc":{"Est. reading time":"2 minutes"},"schema":{"@context":"https:\/\/schema.org","@graph":[{"@type":"WebPage","@id":"https:\/\/cms.munich-startup.net\/service\/raeume\/","url":"https:\/\/cms.munich-startup.net\/service\/raeume\/","name":"Here you will find spaces for startups - Munich Startup","isPartOf":{"@id":"https:\/\/cms.munich-startup.net\/#website"},"datePublished":"2015-12-08T15:02:49+00:00","dateModified":"2026-03-06T15:13:27+00:00","description":"Whether you need a free desk, a single unused office, or larger premises, the following overview will help you find space for startups.","breadcrumb":{"@id":"https:\/\/cms.munich-startup.net\/service\/raeume\/#breadcrumb"},"inLanguage":"en-US","potentialAction":[{"@type":"ReadAction","target":["https:\/\/cms.munich-startup.net\/service\/raeume\/"]}]},{"@type":"BreadcrumbList","@id":"https:\/\/cms.munich-startup.net\/service\/raeume\/#breadcrumb","itemListElement":[{"@type":"ListItem","position":1,"name":"Home","item":"https:\/\/cms.munich-startup.net\/"},{"@type":"ListItem","position":2,"name":"Infos f\u00fcr Startups","item":"https:\/\/cms.munich-startup.net\/service\/"},{"@type":"ListItem","position":3,"name":"R\u00e4ume f\u00fcr Startups"}]},{"@type":"WebSite","@id":"https:\/\/cms.munich-startup.net\/#website","url":"https:\/\/cms.munich-startup.net\/","name":"Munich Startup","description":"The official startup portal for Munich","potentialAction":[{"@type":"SearchAction","target":{"@type":"EntryPoint","urlTemplate":"https:\/\/cms.munich-startup.net\/?s={search_term_string}"},"query-input":{"@type":"PropertyValueSpecification","valueRequired":true,"valueName":"search_term_string"}}],"inLanguage":"en-US"}]}},"_edit_lock":"1772810015:55","_edit_last":"55","_wp_page_template":"views\/template-services.blade.php","wbounce_status":"default","_yoast_wpseo_content_score":"90","_showyear":"","_inactive":"","_wpbitly":"http:\/\/bit.ly\/2J5ofJL","ms_image_format":"contentwidth","_ms_image_format":"field_5cb8587572c8b","ms_dachzeile":"","_ms_dachzeile":"field_5cd9b7f365df5","ms_bump_post_date":"","_ms_bump_post_date":"field_5d1341edcf42a","_show_financing":"","_hide_on_map":"","_yoast_wpseo_focuskw":"R\u00e4ume f\u00fcr Startups","_yoast_wpseo_title":"Hier findet Ihr %%title%% %%page%% %%sep%% %%sitename%%","_yoast_wpseo_metadesc":"Ob freier Schreibtisch, einzelnes ungenutztes B\u00fcro oder gr\u00f6\u00dfere R\u00e4umlichkeiten: Mit der folgenden \u00dcbersicht findet Ihr R\u00e4ume f\u00fcr Startups.","_yoast_wpseo_linkdex":"75","_yoast_wpseo_estimated-reading-time-minutes":"2","easy_language_simplification_original_id":"","easy_language_source_language":"","easy_language_simplification_language":"","easy_language_api":"","easy_language_prevent_automatic_mode":"","easy_language_simplification_state_changed_from":"","_yoast_wpseo_focuskw_text_input":"","_yoast_wpseo_wordproof_timestamp":"","footnotes":"","_yoast_wpseo_meta-robots-noindex":"","easy_language_text_language":"de_DE","easy_language_simplified_in":",de_EL,","_pprredirect_active":"","_pprredirect_type":"","_pprredirect_url":"","_yoast_wpseo_opengraph-image":"","_yoast_wpseo_opengraph-image-id":"","_yoast_wpseo_twitter-image":"","_yoast_wpseo_twitter-image-id":"","_thumbnail_id":"","_links":{"self":[{"href":"https:\/\/cms.munich-startup.net\/en\/wp-json\/wp\/v2\/pages\/5924"}],"collection":[{"href":"https:\/\/cms.munich-startup.net\/en\/wp-json\/wp\/v2\/pages"}],"about":[{"href":"https:\/\/cms.munich-startup.net\/en\/wp-json\/wp\/v2\/types\/page"}],"author":[{"embeddable":true,"href":"https:\/\/cms.munich-startup.net\/en\/wp-json\/wp\/v2\/users\/24"}],"replies":[{"embeddable":true,"href":"https:\/\/cms.munich-startup.net\/en\/wp-json\/wp\/v2\/comments?post=5924"}],"version-history":[{"count":5,"href":"https:\/\/cms.munich-startup.net\/en\/wp-json\/wp\/v2\/pages\/5924\/revisions"}],"predecessor-version":[{"id":117792,"href":"https:\/\/cms.munich-startup.net\/en\/wp-json\/wp\/v2\/pages\/5924\/revisions\/117792"}],"up":[{"embeddable":true,"href":"https:\/\/cms.munich-startup.net\/en\/wp-json\/wp\/v2\/pages\/5768"}],"wp:attachment":[{"href":"https:\/\/cms.munich-startup.net\/en\/wp-json\/wp\/v2\/media?parent=5924"}],"curies":[{"name":"wp","href":"https:\/\/api.w.org\/{rel}","templated":true}]}}