{"id":5877,"date":"2015-12-08T15:58:56","date_gmt":"2015-12-08T14:58:56","guid":{"rendered":"http:\/\/cms.munich-startup.net\/?page_id=5877"},"modified":"2025-09-24T10:43:08","modified_gmt":"2025-09-24T08:43:08","slug":"start-up-advice","status":"publish","type":"page","link":"https:\/\/cms.munich-startup.net\/en\/service\/start-up-advice\/","title":{"rendered":"Start-up consulting in Munich"},"content":{"rendered":"<div class=\"entry-content\">\n<p><strong>Are you just starting out with your startup and looking for startup advice in Munich? Or are you looking for tips on financing and internationalization? Then this overview will help you find the right contacts and institutions for the right startup advice in Munich. <\/strong><\/p>\n\n\n\n<p>Please note: We only refer you to public institutions that serve as initial points of contact. There you will receive a (usually free) overview of all the steps involved in starting your business. <\/p>\n\n\n\n<h2 class=\"wp-block-heading\">1. Gain an overview with startup consulting<\/h2>\n\n\n\n<p>Do you have a brilliant business model but no idea how to start a company? Then visit the <a href=\"https:\/\/gruenden-muenchen.de\/\" target=\"_blank\" rel=\"noreferrer noopener\">M\u00fcnchner Gr\u00fcndungsb\u00fcro<\/a>.<strong> <\/strong>The M\u00fcnchner Gr\u00fcndungsb\u00fcro is an initiative of the City of Munich. This consulting service is suitable as a first point of contact for anyone who wants to start their own business or is looking for support in the startup process. During the startup consultation, you&#039;ll gain an overview of the different steps in starting a business, have the opportunity to ask questions about topics such as business plans, funding, and insurance, and gain insights into topics such as legal forms and taxes. This startup consulting service in Munich also offers information on the right networks, incubators, and events. <\/p>\n\n\n\n<p>Checklists, brochures, and short films in the media library provide a quick introduction to important startup topics, from business plans to insurance. Alternatively, call the startup office for a one-on-one consultation. <\/p>\n\n\n\n<p>In addition to the advice in M\u00fcnchner Gr\u00fcndungsb\u00fcro, the Chamber of Commerce and Industry also offers advice for <a href=\"https:\/\/www.ihk-muenchen.de\/de\/Service\/Gr%C3%BCndung\/Beratung.html\">founders <\/a>and start-ups.<\/p>\n\n\n\n<p>Anyone who wants to start a business in the craft sector can obtain <a rel=\"noreferrer noopener\" href=\"https:\/\/www.hwk-muenchen.de\/artikel\/innovation-74,4085,454.html\" target=\"_blank\">Chamber of Crafts for Munich and Upper Bavaria (HWK)<\/a> initial startup advice. Support is available from the initial idea to the market launch of an innovative product or service. Furthermore, the Chamber of Crafts and Trades offers a monthly <a rel=\"noreferrer noopener\" href=\"https:\/\/www.hwk-muenchen.de\/artikel\/innovation-74,4085,454.html\" target=\"_blank\">free initial consultation for inventors<\/a> for (prospective) members, where you can clarify your questions about a patent application.<\/p>\n\n\n\n<h2 class=\"wp-block-heading\">2. Clarify detailed questions in the start-up consultation in Munich<\/h2>\n\n\n\n<p>Do you know how to start a business, but have questions specifically about Munich and aren&#039;t sure who is responsible for you in the state capital? The Munich City Council&#039;s guide for founders provides an initial overview.<strong> <\/strong><\/p>\n\n\n\n<p>In addition to questions about the municipality, legal or tax issues often arise. Free startup advice would be particularly welcome for founders, but it is rarely available. Depending on the issue, however, you will receive a wide range of support. This often helps startups find the right <a rel=\"noreferrer noopener\" aria-label=\"Industry associations (opens in new tab)\" href=\"https:\/\/www.verbaende.com\/adressen\/linkliste_verbaende.php\" target=\"_blank\">Industry association<\/a> Obtain industry-specific information or clarify legal and insurance questions. You can also obtain information on specific tax or legal issues from the Chamber of Industry and Commerce.<\/p>\n\n\n\n<p>There is also <a href=\"\/en\/service\/incubators-and-accelerators\/\">Business start-up centers, incubators or accelerators<\/a> Support with a wide range of questions related to starting a business. Firstly, you&#039;ll have access to experts who can answer specific questions, and secondly, you&#039;ll have access to many other founders whose experiences you can benefit from. Startups can also receive many helpful tips by participating in startup competitions such as the Munich Business Plan Competition. <a rel=\"noreferrer noopener\" href=\"https:\/\/www.baystartup.de\/startups\/startup-workshops\" target=\"_blank\">Baystartup<\/a> also offers coaching for technology-oriented startups and young growth companies.<\/p>\n\n\n\n<h2 class=\"wp-block-heading\">3. Get started \u2014 and don\u2019t forget to network!<\/h2>\n\n\n\n<p>Thorough planning is important, but you should also get into action. Therefore, at a certain point, it&#039;s all about just doing it! In addition to the always intensive daily business and looking after your customers, you should also <a href=\"\/en\/39972\/network\/\">Networking<\/a> plan with a monthly time budget.<\/p>\n\n\n\n<p>Ideally, you should ask your startup consultant in Munich about important points of contact, good events for your industry, and potential partners. Often underestimated: finding good mentors who can support your startup either on specific topics or for a longer period of time.<\/p>\n\n\n\n<h2 class=\"wp-block-heading\">4. Get financing and funding<\/h2>\n\n\n\n<p>Have you already started by bootstrapping your startup? Great. However, if you can only really get started once you have raised the necessary funding, you will find our <a href=\"\/en\/service\/financing\/\">Munich Startup Financing Overview<\/a> all the important information. You have written your business plan and know that only venture capital is an option? Then learn <a href=\"\/en\/46498\/munich-investor-scene\/\">in this article the Munich investor scene<\/a> know.<\/p>\n\n\n\n<p>For some startups, public funding such as the Digitalbonus, Wipano, or the Innovation Voucher can be an exciting (additional) financing option. You can also receive appropriate startup advice in this area: For highly innovative startups, a neutral start-up consultancy in Munich on funding programs offers, for example, <a rel=\"noreferrer noopener\" href=\"https:\/\/www.ihk-muenchen.de\/\" target=\"_blank\">IHK funding consultation hour<\/a>.<\/p>\n\n\n\n<h2 class=\"wp-block-heading\">5. Scale and internationalize<\/h2>\n\n\n\n<p>Do you want to hire foreign staff and have questions about visa regulations? Do you need assistance with work permits for new employees from abroad? The City of Munich&#039;s &quot;Point of Single Contact (EAP)&quot; can also help you with these business questions in the area of international affairs. This service is free of charge and is offered in German and English.<\/p>\n\n\n\n<p>Have you established yourself in the market and now want to expand abroad? Here too, the chambers of commerce offer <a rel=\"noreferrer noopener\" href=\"https:\/\/www.ihk-muenchen.de\/international\/\" target=\"_blank\">Chamber of Commerce and Industry of Munich and Upper Bavaria<\/a> and <a rel=\"noreferrer noopener\" href=\"https:\/\/www.hwk-bayern.de\/aussenwirtschaft-bayern\" target=\"_blank\">Chamber of Crafts<\/a> an initial overview as part of a start-up consultation and inform you, for example, about the funding program <a rel=\"noreferrer noopener\" href=\"https:\/\/www.international.bihk.de\/\" target=\"_blank\">Go international<\/a>This funding will help you, among other things, with the costs for<\/p>\n\n\n\n<ul>\n<li>international trade fairs and exhibitions in the target market<\/li>\n\n\n\n<li>specialist or country-specific consultants such as foreign trade consultants or foreign chambers of commerce as well as tax or legal advice<\/li>\n\n\n\n<li>a foreign language website<\/li>\n\n\n\n<li>Product certification, trademark registration, patent registration<\/li>\n<\/ul>\n\n\n\n<p>Do you want to expand into Southeast Asia or America? Then apply to <a rel=\"noreferrer noopener\" aria-label=\"German Accelerator (opens in new tab)\" href=\"https:\/\/www.germanaccelerator.com\/\" target=\"_blank\">German Accelerator<\/a>We will keep you updated on dates and deadlines in our news.<\/p>\n\n\n\n<p>Also about <a href=\"https:\/\/www.gruenderland.bayern\/\" target=\"_blank\" rel=\"noreferrer noopener\">Founding country Bavaria <\/a>you will receive a good overview of the development of foreign markets. Would you like to read more about internationalization? <a href=\"https:\/\/www.existenzgruender.de\/DE\/Mediathek\/Publikationen\/Gruender-Zeiten\/inhalt.html\" target=\"_blank\" rel=\"noreferrer noopener\">Infoletter Founding Times<\/a> of the Federal Ministry for Economic Affairs and Energy addresses in its issue <a href=\"https:\/\/www.bmwk.de\/Redaktion\/DE\/Publikationen\/Gruenderzeiten\/infoletter-gruenderzeiten-nr-12-import-export.html\" target=\"_blank\" rel=\"noreferrer noopener\">\u201cImport and Export\u201d<\/a> also the challenges that small and medium-sized enterprises face in the context of internationalization.<\/p>\n\n\n\n<p>And of course we also report regularly about <a href=\"\/en\/day\/internationalization\/\">successful first steps of Munich startups abroad<\/a>, events and competitions for the internationalization of startups.<\/p>\n<\/div>","protected":false},"excerpt":{"rendered":"<p>Are you just starting out with your startup and looking for startup advice in Munich? Or are you looking for tips on financing and internationalization? Then this overview will help you find the right contacts and institutions for the right startup advice in Munich. Please note: We refer you here...<\/p>","protected":false},"author":24,"featured_media":0,"parent":5768,"menu_order":0,"comment_status":"closed","ping_status":"closed","template":"views\/template-services.blade.php","meta":{"_acf_changed":false,"footnotes":""},"acf":[],"yoast_head":"<!-- This site is optimized with the Yoast SEO plugin v26.1.1 - https:\/\/yoast.com\/wordpress\/plugins\/seo\/ -->\n<title>Gr\u00fcndungsberatung in M\u00fcnchen - Munich Startup<\/title>\n<meta name=\"description\" content=\"Ihr sucht eine Gr\u00fcndungsberatung in M\u00fcnchen? Dann hilft Euch unsere \u00dcbersicht dabei, die passende Startup-Beratung in M\u00fcnchen zu finden.\" \/>\n<meta name=\"robots\" content=\"index, follow, max-snippet:-1, max-image-preview:large, max-video-preview:-1\" \/>\n<link rel=\"canonical\" href=\"https:\/\/cms.munich-startup.net\/en\/service\/start-up-advice\/\" \/>\n<meta property=\"og:locale\" content=\"en_US\" \/>\n<meta property=\"og:type\" content=\"article\" \/>\n<meta property=\"og:title\" content=\"Gr\u00fcndungsberatung in M\u00fcnchen - Munich Startup\" \/>\n<meta property=\"og:description\" content=\"Ihr sucht eine Gr\u00fcndungsberatung in M\u00fcnchen? Dann hilft Euch unsere \u00dcbersicht dabei, die passende Startup-Beratung in M\u00fcnchen zu finden.\" \/>\n<meta property=\"og:url\" content=\"https:\/\/cms.munich-startup.net\/en\/service\/start-up-advice\/\" \/>\n<meta property=\"og:site_name\" content=\"Munich Startup\" \/>\n<meta property=\"article:publisher\" content=\"https:\/\/www.facebook.com\/munichstartup\/\" \/>\n<meta property=\"article:modified_time\" content=\"2025-09-24T08:43:08+00:00\" \/>\n<meta name=\"twitter:card\" content=\"summary_large_image\" \/>\n<meta name=\"twitter:site\" content=\"@munich_startup\" \/>\n<meta name=\"twitter:label1\" content=\"Est. reading time\" \/>\n\t<meta name=\"twitter:data1\" content=\"5 minutes\" \/>\n<script type=\"application\/ld+json\" class=\"yoast-schema-graph\">{\"@context\":\"https:\/\/schema.org\",\"@graph\":[{\"@type\":\"WebPage\",\"@id\":\"https:\/\/cms.munich-startup.net\/service\/gruenderberatung\/\",\"url\":\"https:\/\/cms.munich-startup.net\/service\/gruenderberatung\/\",\"name\":\"Gr\u00fcndungsberatung in M\u00fcnchen - Munich Startup\",\"isPartOf\":{\"@id\":\"https:\/\/cms.munich-startup.net\/#website\"},\"datePublished\":\"2015-12-08T14:58:56+00:00\",\"dateModified\":\"2025-09-24T08:43:08+00:00\",\"description\":\"Ihr sucht eine Gr\u00fcndungsberatung in M\u00fcnchen? Dann hilft Euch unsere \u00dcbersicht dabei, die passende Startup-Beratung in M\u00fcnchen zu finden.\",\"breadcrumb\":{\"@id\":\"https:\/\/cms.munich-startup.net\/service\/gruenderberatung\/#breadcrumb\"},\"inLanguage\":\"en-US\",\"potentialAction\":[{\"@type\":\"ReadAction\",\"target\":[\"https:\/\/cms.munich-startup.net\/service\/gruenderberatung\/\"]}]},{\"@type\":\"BreadcrumbList\",\"@id\":\"https:\/\/cms.munich-startup.net\/service\/gruenderberatung\/#breadcrumb\",\"itemListElement\":[{\"@type\":\"ListItem\",\"position\":1,\"name\":\"Home\",\"item\":\"https:\/\/cms.munich-startup.net\/\"},{\"@type\":\"ListItem\",\"position\":2,\"name\":\"Infos f\u00fcr Startups\",\"item\":\"https:\/\/cms.munich-startup.net\/service\/\"},{\"@type\":\"ListItem\",\"position\":3,\"name\":\"Gr\u00fcndungsberatung in M\u00fcnchen\"}]},{\"@type\":\"WebSite\",\"@id\":\"https:\/\/cms.munich-startup.net\/#website\",\"url\":\"https:\/\/cms.munich-startup.net\/\",\"name\":\"Munich Startup\",\"description\":\"Das offizielle Startup-Portal f\u00fcr M\u00fcnchen\",\"potentialAction\":[{\"@type\":\"SearchAction\",\"target\":{\"@type\":\"EntryPoint\",\"urlTemplate\":\"https:\/\/cms.munich-startup.net\/?s={search_term_string}\"},\"query-input\":{\"@type\":\"PropertyValueSpecification\",\"valueRequired\":true,\"valueName\":\"search_term_string\"}}],\"inLanguage\":\"en-US\"}]}<\/script>\n<!-- \/ Yoast SEO plugin. -->","yoast_head_json":{"title":"Start-up consulting in Munich - Munich Startup","description":"Are you looking for startup consulting in Munich? Then our overview will help you find the right startup consulting firm in Munich.","robots":{"index":"index","follow":"follow","max-snippet":"max-snippet:-1","max-image-preview":"max-image-preview:large","max-video-preview":"max-video-preview:-1"},"canonical":"https:\/\/cms.munich-startup.net\/en\/service\/start-up-advice\/","og_locale":"en_US","og_type":"article","og_title":"Gr\u00fcndungsberatung in M\u00fcnchen - Munich Startup","og_description":"Ihr sucht eine Gr\u00fcndungsberatung in M\u00fcnchen? Dann hilft Euch unsere \u00dcbersicht dabei, die passende Startup-Beratung in M\u00fcnchen zu finden.","og_url":"https:\/\/cms.munich-startup.net\/en\/service\/start-up-advice\/","og_site_name":"Munich Startup","article_publisher":"https:\/\/www.facebook.com\/munichstartup\/","article_modified_time":"2025-09-24T08:43:08+00:00","twitter_card":"summary_large_image","twitter_site":"@munich_startup","twitter_misc":{"Est. reading time":"5 minutes"},"schema":{"@context":"https:\/\/schema.org","@graph":[{"@type":"WebPage","@id":"https:\/\/cms.munich-startup.net\/service\/gruenderberatung\/","url":"https:\/\/cms.munich-startup.net\/service\/gruenderberatung\/","name":"Start-up consulting in Munich - Munich Startup","isPartOf":{"@id":"https:\/\/cms.munich-startup.net\/#website"},"datePublished":"2015-12-08T14:58:56+00:00","dateModified":"2025-09-24T08:43:08+00:00","description":"Are you looking for startup consulting in Munich? Then our overview will help you find the right startup consulting firm in Munich.","breadcrumb":{"@id":"https:\/\/cms.munich-startup.net\/service\/gruenderberatung\/#breadcrumb"},"inLanguage":"en-US","potentialAction":[{"@type":"ReadAction","target":["https:\/\/cms.munich-startup.net\/service\/gruenderberatung\/"]}]},{"@type":"BreadcrumbList","@id":"https:\/\/cms.munich-startup.net\/service\/gruenderberatung\/#breadcrumb","itemListElement":[{"@type":"ListItem","position":1,"name":"Home","item":"https:\/\/cms.munich-startup.net\/"},{"@type":"ListItem","position":2,"name":"Infos f\u00fcr Startups","item":"https:\/\/cms.munich-startup.net\/service\/"},{"@type":"ListItem","position":3,"name":"Gr\u00fcndungsberatung in M\u00fcnchen"}]},{"@type":"WebSite","@id":"https:\/\/cms.munich-startup.net\/#website","url":"https:\/\/cms.munich-startup.net\/","name":"Munich Startup","description":"The official startup portal for Munich","potentialAction":[{"@type":"SearchAction","target":{"@type":"EntryPoint","urlTemplate":"https:\/\/cms.munich-startup.net\/?s={search_term_string}"},"query-input":{"@type":"PropertyValueSpecification","valueRequired":true,"valueName":"search_term_string"}}],"inLanguage":"en-US"}]}},"_edit_lock":"1758703941:22","_edit_last":"22","_wp_page_template":"views\/template-services.blade.php","wbounce_status":"default","_yoast_wpseo_content_score":"90","_showyear":"","_inactive":"","_wpbitly":"","ms_image_format":"contentwidth","_ms_image_format":"field_5cb8587572c8b","ms_dachzeile":"","_ms_dachzeile":"field_5cd9b7f365df5","ms_bump_post_date":"","_ms_bump_post_date":"field_5d1341edcf42a","_show_financing":"","_hide_on_map":"","_yoast_wpseo_focuskw":"Gr\u00fcndungsberatung in M\u00fcnchen","_yoast_wpseo_title":"","_yoast_wpseo_metadesc":"Ihr sucht eine Gr\u00fcndungsberatung in M\u00fcnchen? Dann hilft Euch unsere \u00dcbersicht dabei, die passende Startup-Beratung in M\u00fcnchen zu finden.","_yoast_wpseo_linkdex":"73","_yoast_wpseo_estimated-reading-time-minutes":"5","easy_language_simplification_original_id":"","easy_language_source_language":"","easy_language_simplification_language":"","easy_language_api":"","easy_language_prevent_automatic_mode":"","easy_language_simplification_state_changed_from":"","_yoast_wpseo_focuskw_text_input":"","_yoast_wpseo_wordproof_timestamp":"","footnotes":"","_yoast_wpseo_meta-robots-noindex":"","easy_language_text_language":"","easy_language_simplified_in":"","_pprredirect_active":"","_pprredirect_type":"","_pprredirect_url":"","_yoast_wpseo_opengraph-image":"","_yoast_wpseo_opengraph-image-id":"","_yoast_wpseo_twitter-image":"","_yoast_wpseo_twitter-image-id":"","_thumbnail_id":"","_links":{"self":[{"href":"https:\/\/cms.munich-startup.net\/en\/wp-json\/wp\/v2\/pages\/5877"}],"collection":[{"href":"https:\/\/cms.munich-startup.net\/en\/wp-json\/wp\/v2\/pages"}],"about":[{"href":"https:\/\/cms.munich-startup.net\/en\/wp-json\/wp\/v2\/types\/page"}],"author":[{"embeddable":true,"href":"https:\/\/cms.munich-startup.net\/en\/wp-json\/wp\/v2\/users\/24"}],"replies":[{"embeddable":true,"href":"https:\/\/cms.munich-startup.net\/en\/wp-json\/wp\/v2\/comments?post=5877"}],"version-history":[{"count":6,"href":"https:\/\/cms.munich-startup.net\/en\/wp-json\/wp\/v2\/pages\/5877\/revisions"}],"predecessor-version":[{"id":113013,"href":"https:\/\/cms.munich-startup.net\/en\/wp-json\/wp\/v2\/pages\/5877\/revisions\/113013"}],"up":[{"embeddable":true,"href":"https:\/\/cms.munich-startup.net\/en\/wp-json\/wp\/v2\/pages\/5768"}],"wp:attachment":[{"href":"https:\/\/cms.munich-startup.net\/en\/wp-json\/wp\/v2\/media?parent=5877"}],"curies":[{"name":"wp","href":"https:\/\/api.w.org\/{rel}","templated":true}]}}