{"id":5768,"date":"2015-12-01T11:27:29","date_gmt":"2015-12-01T10:27:29","guid":{"rendered":"http:\/\/cms.munich-startup.net\/?page_id=5768"},"modified":"2020-03-03T18:15:31","modified_gmt":"2020-03-03T17:15:31","slug":"service","status":"publish","type":"page","link":"https:\/\/cms.munich-startup.net\/en\/service\/","title":{"rendered":"Information for startups"},"content":{"rendered":"<div class=\"entry-content\">\n<p>Who advises founders? Where can I find a job at a startup? How do I connect with investors? All beginnings are difficult\u2014that&#039;s why our information for startups provides practical tips and resources for the initial phase of your business and beyond.<br> <\/p>\n<\/div>","protected":false},"excerpt":{"rendered":"<p>Who advises founders? Where can I find a job at a startup? How do I connect with investors? All beginnings are difficult\u2014that&#039;s why our information for startups provides practical tips and resources for the initial phase of your business and beyond.<\/p>","protected":false},"author":24,"featured_media":0,"parent":0,"menu_order":0,"comment_status":"closed","ping_status":"closed","template":"views\/template-services.blade.php","meta":{"_acf_changed":false,"footnotes":""},"acf":[],"yoast_head":"<!-- This site is optimized with the Yoast SEO plugin v26.1.1 - https:\/\/yoast.com\/wordpress\/plugins\/seo\/ -->\n<title>Infos f\u00fcr Startups - Munich Startup<\/title>\n<meta name=\"description\" content=\"Wer ber\u00e4t Gr\u00fcnderInnen? Wo finde ich einen Job in einem Startup? Wie bekomme ich Kapital? Unsere Infos f\u00fcr Startups geben Euch einen guten \u00dcberblick.\" \/>\n<meta name=\"robots\" content=\"index, follow, max-snippet:-1, max-image-preview:large, max-video-preview:-1\" \/>\n<link rel=\"canonical\" href=\"https:\/\/cms.munich-startup.net\/en\/service\/\" \/>\n<meta property=\"og:locale\" content=\"en_US\" \/>\n<meta property=\"og:type\" content=\"article\" \/>\n<meta property=\"og:title\" content=\"Infos f\u00fcr Startups - Munich Startup\" \/>\n<meta property=\"og:description\" content=\"Wer ber\u00e4t Gr\u00fcnderInnen? Wo finde ich einen Job in einem Startup? Wie bekomme ich Kapital? Unsere Infos f\u00fcr Startups geben Euch einen guten \u00dcberblick.\" \/>\n<meta property=\"og:url\" content=\"https:\/\/cms.munich-startup.net\/en\/service\/\" \/>\n<meta property=\"og:site_name\" content=\"Munich Startup\" \/>\n<meta property=\"article:publisher\" content=\"https:\/\/www.facebook.com\/munichstartup\/\" \/>\n<meta property=\"article:modified_time\" content=\"2020-03-03T17:15:31+00:00\" \/>\n<meta name=\"twitter:card\" content=\"summary_large_image\" \/>\n<meta name=\"twitter:site\" content=\"@munich_startup\" \/>\n<script type=\"application\/ld+json\" class=\"yoast-schema-graph\">{\"@context\":\"https:\/\/schema.org\",\"@graph\":[{\"@type\":\"WebPage\",\"@id\":\"https:\/\/cms.munich-startup.net\/service\/\",\"url\":\"https:\/\/cms.munich-startup.net\/service\/\",\"name\":\"Infos f\u00fcr Startups - Munich Startup\",\"isPartOf\":{\"@id\":\"https:\/\/cms.munich-startup.net\/#website\"},\"datePublished\":\"2015-12-01T10:27:29+00:00\",\"dateModified\":\"2020-03-03T17:15:31+00:00\",\"description\":\"Wer ber\u00e4t Gr\u00fcnderInnen? Wo finde ich einen Job in einem Startup? Wie bekomme ich Kapital? Unsere Infos f\u00fcr Startups geben Euch einen guten \u00dcberblick.\",\"breadcrumb\":{\"@id\":\"https:\/\/cms.munich-startup.net\/service\/#breadcrumb\"},\"inLanguage\":\"en-US\",\"potentialAction\":[{\"@type\":\"ReadAction\",\"target\":[\"https:\/\/cms.munich-startup.net\/service\/\"]}]},{\"@type\":\"BreadcrumbList\",\"@id\":\"https:\/\/cms.munich-startup.net\/service\/#breadcrumb\",\"itemListElement\":[{\"@type\":\"ListItem\",\"position\":1,\"name\":\"Home\",\"item\":\"https:\/\/cms.munich-startup.net\/\"},{\"@type\":\"ListItem\",\"position\":2,\"name\":\"Infos f\u00fcr Startups\"}]},{\"@type\":\"WebSite\",\"@id\":\"https:\/\/cms.munich-startup.net\/#website\",\"url\":\"https:\/\/cms.munich-startup.net\/\",\"name\":\"Munich Startup\",\"description\":\"Das offizielle Startup-Portal f\u00fcr M\u00fcnchen\",\"potentialAction\":[{\"@type\":\"SearchAction\",\"target\":{\"@type\":\"EntryPoint\",\"urlTemplate\":\"https:\/\/cms.munich-startup.net\/?s={search_term_string}\"},\"query-input\":{\"@type\":\"PropertyValueSpecification\",\"valueRequired\":true,\"valueName\":\"search_term_string\"}}],\"inLanguage\":\"en-US\"}]}<\/script>\n<!-- \/ Yoast SEO plugin. -->","yoast_head_json":{"title":"Information for startups - Munich Startup","description":"Who advises founders? Where can I find a job at a startup? How do I get capital? Our information for startups gives you a good overview.","robots":{"index":"index","follow":"follow","max-snippet":"max-snippet:-1","max-image-preview":"max-image-preview:large","max-video-preview":"max-video-preview:-1"},"canonical":"https:\/\/cms.munich-startup.net\/en\/service\/","og_locale":"en_US","og_type":"article","og_title":"Infos f\u00fcr Startups - Munich Startup","og_description":"Wer ber\u00e4t Gr\u00fcnderInnen? Wo finde ich einen Job in einem Startup? Wie bekomme ich Kapital? Unsere Infos f\u00fcr Startups geben Euch einen guten \u00dcberblick.","og_url":"https:\/\/cms.munich-startup.net\/en\/service\/","og_site_name":"Munich Startup","article_publisher":"https:\/\/www.facebook.com\/munichstartup\/","article_modified_time":"2020-03-03T17:15:31+00:00","twitter_card":"summary_large_image","twitter_site":"@munich_startup","schema":{"@context":"https:\/\/schema.org","@graph":[{"@type":"WebPage","@id":"https:\/\/cms.munich-startup.net\/service\/","url":"https:\/\/cms.munich-startup.net\/service\/","name":"Information for startups - Munich Startup","isPartOf":{"@id":"https:\/\/cms.munich-startup.net\/#website"},"datePublished":"2015-12-01T10:27:29+00:00","dateModified":"2020-03-03T17:15:31+00:00","description":"Who advises founders? Where can I find a job at a startup? How do I get capital? Our information for startups gives you a good overview.","breadcrumb":{"@id":"https:\/\/cms.munich-startup.net\/service\/#breadcrumb"},"inLanguage":"en-US","potentialAction":[{"@type":"ReadAction","target":["https:\/\/cms.munich-startup.net\/service\/"]}]},{"@type":"BreadcrumbList","@id":"https:\/\/cms.munich-startup.net\/service\/#breadcrumb","itemListElement":[{"@type":"ListItem","position":1,"name":"Home","item":"https:\/\/cms.munich-startup.net\/"},{"@type":"ListItem","position":2,"name":"Infos f\u00fcr Startups"}]},{"@type":"WebSite","@id":"https:\/\/cms.munich-startup.net\/#website","url":"https:\/\/cms.munich-startup.net\/","name":"Munich Startup","description":"The official startup portal for Munich","potentialAction":[{"@type":"SearchAction","target":{"@type":"EntryPoint","urlTemplate":"https:\/\/cms.munich-startup.net\/?s={search_term_string}"},"query-input":{"@type":"PropertyValueSpecification","valueRequired":true,"valueName":"search_term_string"}}],"inLanguage":"en-US"}]}},"_edit_lock":"1747134793:48","_edit_last":"22","_wp_page_template":"views\/template-services.blade.php","wbounce_status":"default","_yoast_wpseo_content_score":"90","_showyear":"","_inactive":"","_wpbitly":"","ms_image_format":"contentwidth","_ms_image_format":"field_5cb8587572c8b","ms_dachzeile":"","_ms_dachzeile":"field_5cd9b7f365df5","ms_bump_post_date":"","_ms_bump_post_date":"field_5d1341edcf42a","_show_financing":"","_hide_on_map":"","_yoast_wpseo_focuskw":"Infos f\u00fcr Startups","_yoast_wpseo_title":"","_yoast_wpseo_metadesc":"Wer ber\u00e4t Gr\u00fcnderInnen? Wo finde ich einen Job in einem Startup? Wie bekomme ich Kapital? Unsere Infos f\u00fcr Startups geben Euch einen guten \u00dcberblick.","_yoast_wpseo_linkdex":"41","_yoast_wpseo_estimated-reading-time-minutes":"","easy_language_simplification_original_id":"","easy_language_source_language":"","easy_language_simplification_language":"","easy_language_api":"","easy_language_prevent_automatic_mode":"","easy_language_simplification_state_changed_from":"","_yoast_wpseo_focuskw_text_input":"","_yoast_wpseo_wordproof_timestamp":"","footnotes":"","_yoast_wpseo_meta-robots-noindex":"","easy_language_text_language":"","easy_language_simplified_in":"","_pprredirect_active":"","_pprredirect_type":"","_pprredirect_url":"","_yoast_wpseo_opengraph-image":"","_yoast_wpseo_opengraph-image-id":"","_yoast_wpseo_twitter-image":"","_yoast_wpseo_twitter-image-id":"","_thumbnail_id":"","_links":{"self":[{"href":"https:\/\/cms.munich-startup.net\/en\/wp-json\/wp\/v2\/pages\/5768"}],"collection":[{"href":"https:\/\/cms.munich-startup.net\/en\/wp-json\/wp\/v2\/pages"}],"about":[{"href":"https:\/\/cms.munich-startup.net\/en\/wp-json\/wp\/v2\/types\/page"}],"author":[{"embeddable":true,"href":"https:\/\/cms.munich-startup.net\/en\/wp-json\/wp\/v2\/users\/24"}],"replies":[{"embeddable":true,"href":"https:\/\/cms.munich-startup.net\/en\/wp-json\/wp\/v2\/comments?post=5768"}],"version-history":[{"count":4,"href":"https:\/\/cms.munich-startup.net\/en\/wp-json\/wp\/v2\/pages\/5768\/revisions"}],"predecessor-version":[{"id":58153,"href":"https:\/\/cms.munich-startup.net\/en\/wp-json\/wp\/v2\/pages\/5768\/revisions\/58153"}],"wp:attachment":[{"href":"https:\/\/cms.munich-startup.net\/en\/wp-json\/wp\/v2\/media?parent=5768"}],"curies":[{"name":"wp","href":"https:\/\/api.w.org\/{rel}","templated":true}]}}