{"id":35,"date":"2015-01-27T15:02:50","date_gmt":"2015-01-27T14:02:50","guid":{"rendered":"http:\/\/cms.munich-startup.net\/?page_id=35"},"modified":"2025-09-11T16:25:04","modified_gmt":"2025-09-11T14:25:04","slug":"about","status":"publish","type":"page","link":"https:\/\/cms.munich-startup.net\/en\/about\/","title":{"rendered":"About Munich Startup"},"content":{"rendered":"<div class=\"entry-content\"><div class=\"grey-bg\">\n<div class=\"wp-block-columns has-2-columns grey-background ms-about pt-4 is-layout-flex wp-container-core-columns-is-layout-1 wp-block-columns-is-layout-flex\">\n<div class=\"wp-block-column is-layout-flow wp-block-column-is-layout-flow\">\n<p>Munich Startup is the official startup portal for Munich<br> and the region, which was launched as part of the \u201cMunich Entrepreneurship Strategy\u201d by <a rel=\"noopener noreferrer\" href=\"https:\/\/www.muenchen.de\/\" target=\"_blank\">State capital Munich<\/a>, the <a title=\"Chamber of Commerce and Industry for Munich and Upper Bavaria\" rel=\"noopener noreferrer\" href=\"https:\/\/www.ihk-muenchen.de\/de\/\" target=\"_blank\">Chamber of Commerce and Industry for Munich and Upper Bavaria<\/a> and the merger of the four entrepreneurship centers of Munich universities. The sponsor is the <a title=\"Munich commercial courtyards\" rel=\"noopener noreferrer\" href=\"\/en\/ecosystem\/munich-commercial-courtyards\/\" target=\"_blank\">Munich Commercial and Technology Center GmbH (MGH)<\/a>.<\/p>\n\n\n\n<p>The portal has established itself as the first virtual contact point for technology-oriented, innovative startups in Munich and the surrounding area. Munich Startup is characterized by a neutral, independent, and transparent presentation of content and participants.<\/p>\n\n\n\n<p>The portal increases transparency within the startup scene and promotes networking between founders and potential partners, investors, and mentors. All key stakeholders in the Munich startup scene are involved. The goal is to make Munich and the region the first choice for high-growth startups in Europe.<\/p>\n<\/div>\n\n\n\n<div class=\"wp-block-column is-layout-flow wp-block-column-is-layout-flow\"><div class=\"wp-block-image\">\n<figure class=\"aligncenter size-large\"><img decoding=\"async\" width=\"1200\" height=\"801\" src=\"https:\/\/cms.munich-startup.net\/wp-content\/uploads\/2025\/09\/Munich-Startup-Team-1200x801.jpg\" alt=\"\" class=\"wp-image-112522\" srcset=\"https:\/\/cms.munich-startup.net\/wp-content\/uploads\/2025\/09\/Munich-Startup-Team-1200x801.jpg 1200w, https:\/\/cms.munich-startup.net\/wp-content\/uploads\/2025\/09\/Munich-Startup-Team-600x400.jpg 600w, https:\/\/cms.munich-startup.net\/wp-content\/uploads\/2025\/09\/Munich-Startup-Team-768x512.jpg 768w, https:\/\/cms.munich-startup.net\/wp-content\/uploads\/2025\/09\/Munich-Startup-Team-1536x1025.jpg 1536w, https:\/\/cms.munich-startup.net\/wp-content\/uploads\/2025\/09\/Munich-Startup-Team-2048x1366.jpg 2048w, https:\/\/cms.munich-startup.net\/wp-content\/uploads\/2025\/09\/Munich-Startup-Team-18x12.jpg 18w, https:\/\/cms.munich-startup.net\/wp-content\/uploads\/2025\/09\/Munich-Startup-Team-880x587.jpg 880w, https:\/\/cms.munich-startup.net\/wp-content\/uploads\/2025\/09\/Munich-Startup-Team-440x294.jpg 440w\" sizes=\"(max-width: 1200px) 100vw, 1200px\" \/><figcaption class=\"wp-element-caption\">The Munich Startup Team<\/figcaption><\/figure><\/div>\n\n\n<p><\/p>\n<\/div>\n<\/div>\n<\/div>\n\n\n<div class=\"wp-block-columns has-2-columns is-layout-flex wp-container-core-columns-is-layout-2 wp-block-columns-is-layout-flex\">\n<div class=\"wp-block-column is-layout-flow wp-block-column-is-layout-flow\">\n<div class=\"wp-block-media-text alignwide is-vertically-aligned-top ms-people\" style=\"grid-template-columns:47% auto\"><figure class=\"wp-block-media-text__media\"><img decoding=\"async\" width=\"1200\" height=\"857\" src=\"https:\/\/cms.munich-startup.net\/wp-content\/uploads\/2024\/09\/Design-ohne-Titel-10-1200x857.jpg\" alt=\"\" class=\"wp-image-104986 size-full\" srcset=\"https:\/\/cms.munich-startup.net\/wp-content\/uploads\/2024\/09\/Design-ohne-Titel-10-1200x857.jpg 1200w, https:\/\/cms.munich-startup.net\/wp-content\/uploads\/2024\/09\/Design-ohne-Titel-10-600x429.jpg 600w, https:\/\/cms.munich-startup.net\/wp-content\/uploads\/2024\/09\/Design-ohne-Titel-10-768x549.jpg 768w, https:\/\/cms.munich-startup.net\/wp-content\/uploads\/2024\/09\/Design-ohne-Titel-10-1536x1097.jpg 1536w, https:\/\/cms.munich-startup.net\/wp-content\/uploads\/2024\/09\/Design-ohne-Titel-10-880x629.jpg 880w, https:\/\/cms.munich-startup.net\/wp-content\/uploads\/2024\/09\/Design-ohne-Titel-10-440x314.jpg 440w, https:\/\/cms.munich-startup.net\/wp-content\/uploads\/2024\/09\/Design-ohne-Titel-10.jpg 2000w\" sizes=\"(max-width: 1200px) 100vw, 1200px\" \/><\/figure><div class=\"wp-block-media-text__content\">\n<h4 class=\"wp-block-heading\"> Line<\/h4>\n\n\n\n<h3 class=\"wp-block-heading\">Arno Eggers<\/h3>\n\n\n\n<p>Arno took over the management of Munich Startup in 2024. His focus is on network maintenance and the further development of the startup ecosystem. He is now committed to advancing Munich Startup from a strategic perspective and further strengthening Munich as a business location.<\/p>\n<\/div><\/div>\n<\/div>\n\n\n\n<div class=\"wp-block-column is-layout-flow wp-block-column-is-layout-flow\">\n<p><\/p>\n<\/div>\n<\/div>\n\n\n\n<div class=\"wp-block-columns has-2-columns is-layout-flex wp-container-core-columns-is-layout-3 wp-block-columns-is-layout-flex\">\n<div class=\"wp-block-column is-layout-flow wp-block-column-is-layout-flow\">\n<div class=\"wp-block-media-text alignwide is-vertically-aligned-top ms-people\"><figure class=\"wp-block-media-text__media\"><img decoding=\"async\" width=\"1200\" height=\"800\" src=\"https:\/\/cms.munich-startup.net\/wp-content\/uploads\/2019\/07\/2019_07_16mun0576_72dpi-1200x800.jpg\" alt=\"\" class=\"wp-image-51398 size-full\" srcset=\"https:\/\/cms.munich-startup.net\/wp-content\/uploads\/2019\/07\/2019_07_16mun0576_72dpi.jpg 1200w, https:\/\/cms.munich-startup.net\/wp-content\/uploads\/2019\/07\/2019_07_16mun0576_72dpi-600x400.jpg 600w, https:\/\/cms.munich-startup.net\/wp-content\/uploads\/2019\/07\/2019_07_16mun0576_72dpi-768x512.jpg 768w, https:\/\/cms.munich-startup.net\/wp-content\/uploads\/2019\/07\/2019_07_16mun0576_72dpi-880x587.jpg 880w, https:\/\/cms.munich-startup.net\/wp-content\/uploads\/2019\/07\/2019_07_16mun0576_72dpi-440x293.jpg 440w\" sizes=\"(max-width: 1200px) 100vw, 1200px\" \/><\/figure><div class=\"wp-block-media-text__content\">\n<h4 class=\"wp-block-heading\">Editor<\/h4>\n\n\n\n<h3 class=\"wp-block-heading\"><strong><a href=\"\/en\/author\/regina\/\">Regina Bruckschl\u00f6gl<\/a><\/strong><\/h3>\n\n\n\n<p>After her own startup experiences, she now looks at the Munich startup scene from a different perspective as an editor of Munich Startup \u2013 and discovers every day how diverse the Munich ecosystem is. <\/p>\n<\/div><\/div>\n<\/div>\n\n\n\n<div class=\"wp-block-column is-layout-flow wp-block-column-is-layout-flow\">\n<div class=\"wp-block-media-text alignwide is-vertically-aligned-top ms-people\"><figure class=\"wp-block-media-text__media\"><img decoding=\"async\" width=\"1200\" height=\"800\" src=\"https:\/\/cms.munich-startup.net\/wp-content\/uploads\/2019\/08\/2019_07_16mun0643_300dpiv2-1200x800.jpg\" alt=\"Helen Duran\" class=\"wp-image-51535 size-full\" srcset=\"https:\/\/cms.munich-startup.net\/wp-content\/uploads\/2019\/08\/2019_07_16mun0643_300dpiv2.jpg 1200w, https:\/\/cms.munich-startup.net\/wp-content\/uploads\/2019\/08\/2019_07_16mun0643_300dpiv2-600x400.jpg 600w, https:\/\/cms.munich-startup.net\/wp-content\/uploads\/2019\/08\/2019_07_16mun0643_300dpiv2-768x512.jpg 768w, https:\/\/cms.munich-startup.net\/wp-content\/uploads\/2019\/08\/2019_07_16mun0643_300dpiv2-880x587.jpg 880w, https:\/\/cms.munich-startup.net\/wp-content\/uploads\/2019\/08\/2019_07_16mun0643_300dpiv2-440x293.jpg 440w\" sizes=\"(max-width: 1200px) 100vw, 1200px\" \/><\/figure><div class=\"wp-block-media-text__content\">\n<h4 class=\"wp-block-heading\">Editor<\/h4>\n\n\n\n<h3 class=\"wp-block-heading\"><strong><a href=\"\/en\/author\/huttl\/\">Helen Duran<\/a><\/strong><\/h3>\n\n\n\n<p>Helen Duran has been an editor in the Munich startup scene since 2015 and is curious to hear your exciting startup stories! The economic geographer also works in startup consulting at Referat f\u00fcr Arbeit und Wirtschaft. <\/p>\n<\/div><\/div>\n<\/div>\n<\/div>\n\n\n\n<div class=\"wp-block-columns has-2-columns is-layout-flex wp-container-core-columns-is-layout-4 wp-block-columns-is-layout-flex\">\n<div class=\"wp-block-column is-layout-flow wp-block-column-is-layout-flow\">\n<div class=\"wp-block-media-text alignwide is-vertically-aligned-top ms-people\" style=\"grid-template-columns:47% auto\"><figure class=\"wp-block-media-text__media\"><img decoding=\"async\" width=\"1200\" height=\"857\" src=\"https:\/\/cms.munich-startup.net\/wp-content\/uploads\/2024\/09\/Design-ohne-Titel-8-1200x857.jpg\" alt=\"\" class=\"wp-image-104982 size-full\" srcset=\"https:\/\/cms.munich-startup.net\/wp-content\/uploads\/2024\/09\/Design-ohne-Titel-8-1200x857.jpg 1200w, https:\/\/cms.munich-startup.net\/wp-content\/uploads\/2024\/09\/Design-ohne-Titel-8-600x429.jpg 600w, https:\/\/cms.munich-startup.net\/wp-content\/uploads\/2024\/09\/Design-ohne-Titel-8-768x549.jpg 768w, https:\/\/cms.munich-startup.net\/wp-content\/uploads\/2024\/09\/Design-ohne-Titel-8-1536x1097.jpg 1536w, https:\/\/cms.munich-startup.net\/wp-content\/uploads\/2024\/09\/Design-ohne-Titel-8-880x629.jpg 880w, https:\/\/cms.munich-startup.net\/wp-content\/uploads\/2024\/09\/Design-ohne-Titel-8-440x314.jpg 440w, https:\/\/cms.munich-startup.net\/wp-content\/uploads\/2024\/09\/Design-ohne-Titel-8.jpg 2000w\" sizes=\"(max-width: 1200px) 100vw, 1200px\" \/><\/figure><div class=\"wp-block-media-text__content\">\n<h4 class=\"wp-block-heading\">Project Manager<\/h4>\n\n\n\n<h3 class=\"wp-block-heading\"><strong><strong>Rebecca Kutscheit<\/strong><\/strong><\/h3>\n\n\n\n<p>Rebecca already gained extensive experience in the Munich startup scene with her own startup before joining Munich Startup as a project manager. She is responsible for the further development of the startup ecosystem and maintaining the network.<\/p>\n<\/div><\/div>\n\n\n\n<p><\/p>\n<\/div>\n\n\n\n<div class=\"wp-block-column is-layout-flow wp-block-column-is-layout-flow\">\n<div class=\"wp-block-media-text alignwide is-vertically-aligned-top ms-people\"><figure class=\"wp-block-media-text__media\"><img decoding=\"async\" width=\"1200\" height=\"857\" src=\"https:\/\/cms.munich-startup.net\/wp-content\/uploads\/2025\/09\/ring-2848-1200x857.jpg\" alt=\"\" class=\"wp-image-112525 size-full\" srcset=\"https:\/\/cms.munich-startup.net\/wp-content\/uploads\/2025\/09\/ring-2848-1200x857.jpg 1200w, https:\/\/cms.munich-startup.net\/wp-content\/uploads\/2025\/09\/ring-2848-600x429.jpg 600w, https:\/\/cms.munich-startup.net\/wp-content\/uploads\/2025\/09\/ring-2848-768x548.jpg 768w, https:\/\/cms.munich-startup.net\/wp-content\/uploads\/2025\/09\/ring-2848-1536x1097.jpg 1536w, https:\/\/cms.munich-startup.net\/wp-content\/uploads\/2025\/09\/ring-2848-2048x1463.jpg 2048w, https:\/\/cms.munich-startup.net\/wp-content\/uploads\/2025\/09\/ring-2848-18x12.jpg 18w, https:\/\/cms.munich-startup.net\/wp-content\/uploads\/2025\/09\/ring-2848-880x628.jpg 880w, https:\/\/cms.munich-startup.net\/wp-content\/uploads\/2025\/09\/ring-2848-440x314.jpg 440w\" sizes=\"(max-width: 1200px) 100vw, 1200px\" \/><\/figure><div class=\"wp-block-media-text__content\">\n<h4 class=\"wp-block-heading\">editor<\/h4>\n\n\n\n<h3 class=\"wp-block-heading\"><span><a href=\"\/en\/author\/kyrillring\/\">K<\/a><\/span><strong><a href=\"\/en\/author\/kyrillring\/\"><strong><strong><strong>yrill Ring<\/strong><\/strong><\/strong><\/a><\/strong><\/h3>\n\n\n\n<p>Kyrill Ring worked as a live television reporter for 15 years and has been Brand &amp; Communications Manager at Munich Startup since July 2025. In addition to his work as a website editor, he is responsible for new formats such as the video podcast Pitch&amp;People.<\/p>\n<\/div><\/div>\n<\/div>\n<\/div>\n\n\n\n<div class=\"wp-block-columns has-2-columns is-layout-flex wp-container-core-columns-is-layout-5 wp-block-columns-is-layout-flex\">\n<div class=\"wp-block-column is-layout-flow wp-block-column-is-layout-flow\">\n<div class=\"wp-block-media-text alignwide is-vertically-aligned-top ms-people\"><figure class=\"wp-block-media-text__media\"><img decoding=\"async\" width=\"1200\" height=\"857\" src=\"https:\/\/cms.munich-startup.net\/wp-content\/uploads\/2025\/09\/doll-2916-1-1200x857.jpg\" alt=\"\" class=\"wp-image-112542 size-full\" srcset=\"https:\/\/cms.munich-startup.net\/wp-content\/uploads\/2025\/09\/doll-2916-1-1200x857.jpg 1200w, https:\/\/cms.munich-startup.net\/wp-content\/uploads\/2025\/09\/doll-2916-1-600x429.jpg 600w, https:\/\/cms.munich-startup.net\/wp-content\/uploads\/2025\/09\/doll-2916-1-768x548.jpg 768w, https:\/\/cms.munich-startup.net\/wp-content\/uploads\/2025\/09\/doll-2916-1-1536x1097.jpg 1536w, https:\/\/cms.munich-startup.net\/wp-content\/uploads\/2025\/09\/doll-2916-1-2048x1463.jpg 2048w, https:\/\/cms.munich-startup.net\/wp-content\/uploads\/2025\/09\/doll-2916-1-18x12.jpg 18w, https:\/\/cms.munich-startup.net\/wp-content\/uploads\/2025\/09\/doll-2916-1-880x628.jpg 880w, https:\/\/cms.munich-startup.net\/wp-content\/uploads\/2025\/09\/doll-2916-1-440x314.jpg 440w\" sizes=\"(max-width: 1200px) 100vw, 1200px\" \/><\/figure><div class=\"wp-block-media-text__content\">\n<h4 class=\"wp-block-heading\">Editor<\/h4>\n\n\n\n<h3 class=\"wp-block-heading\"><strong><a href=\"\/en\/author\/doll\/\">Saskia Doll<\/a><\/strong><\/h3>\n\n\n\n<p>Her editorial work is based on a degree in literature and media studies and a journalistic internship. After gaining experience in the automotive and insurance industries, she is now passionate about entrepreneurs and their stories. <\/p>\n<\/div><\/div>\n<\/div>\n\n\n\n<div class=\"wp-block-column is-layout-flow wp-block-column-is-layout-flow\"><\/div>\n<\/div>\n\n\n\n<div class=\"wp-block-columns has-2-columns is-layout-flex wp-container-core-columns-is-layout-6 wp-block-columns-is-layout-flex\">\n<div class=\"wp-block-column is-layout-flow wp-block-column-is-layout-flow\">\n<p><\/p>\n<\/div>\n\n\n\n<div class=\"wp-block-column is-layout-flow wp-block-column-is-layout-flow\"><\/div>\n<\/div>\n<\/div>","protected":false},"excerpt":{"rendered":"<p>Munich Startup is the official startup portal for Munich and the region, developed as part of the &quot;Munich Entrepreneurship Strategy&quot; by the City of Munich, the Chamber of Industry and Commerce for Munich and Upper Bavaria, and the association of the four entrepreneurship centers of Munich&#039;s universities. It is sponsored by the Munich Business Park and Technology Center (MGH). The portal...<\/p>","protected":false},"author":1,"featured_media":0,"parent":0,"menu_order":0,"comment_status":"closed","ping_status":"closed","template":"","meta":{"_acf_changed":false,"footnotes":""},"acf":[],"yoast_head":"<!-- This site is optimized with the Yoast SEO plugin v26.1.1 - https:\/\/yoast.com\/wordpress\/plugins\/seo\/ -->\n<title>About Munich Startup - Munich Startup<\/title>\n<meta name=\"description\" content=\"Munich Startup ist das offizielle Startup-Portal f\u00fcr M\u00fcnchen und die Region. Tr\u00e4ger ist die M\u00fcnchner Gewerbehof- und Technologiezentrum GmbH (MGH).\" \/>\n<meta name=\"robots\" content=\"index, follow, max-snippet:-1, max-image-preview:large, max-video-preview:-1\" \/>\n<link rel=\"canonical\" href=\"https:\/\/cms.munich-startup.net\/en\/about\/\" \/>\n<meta property=\"og:locale\" content=\"en_US\" \/>\n<meta property=\"og:type\" content=\"article\" \/>\n<meta property=\"og:title\" content=\"About Munich Startup - Munich Startup\" \/>\n<meta property=\"og:description\" content=\"Munich Startup ist das offizielle Startup-Portal f\u00fcr M\u00fcnchen und die Region. Tr\u00e4ger ist die M\u00fcnchner Gewerbehof- und Technologiezentrum GmbH (MGH).\" \/>\n<meta property=\"og:url\" content=\"https:\/\/cms.munich-startup.net\/en\/about\/\" \/>\n<meta property=\"og:site_name\" content=\"Munich Startup\" \/>\n<meta property=\"article:publisher\" content=\"https:\/\/www.facebook.com\/munichstartup\/\" \/>\n<meta property=\"article:modified_time\" content=\"2025-09-11T14:25:04+00:00\" \/>\n<meta name=\"twitter:card\" content=\"summary_large_image\" \/>\n<meta name=\"twitter:site\" content=\"@munich_startup\" \/>\n<meta name=\"twitter:label1\" content=\"Est. reading time\" \/>\n\t<meta name=\"twitter:data1\" content=\"4 minutes\" \/>\n<script type=\"application\/ld+json\" class=\"yoast-schema-graph\">{\"@context\":\"https:\/\/schema.org\",\"@graph\":[{\"@type\":\"WebPage\",\"@id\":\"https:\/\/cms.munich-startup.net\/about\/\",\"url\":\"https:\/\/cms.munich-startup.net\/about\/\",\"name\":\"About Munich Startup - Munich Startup\",\"isPartOf\":{\"@id\":\"https:\/\/cms.munich-startup.net\/#website\"},\"primaryImageOfPage\":{\"@id\":\"https:\/\/cms.munich-startup.net\/about\/#primaryimage\"},\"image\":{\"@id\":\"https:\/\/cms.munich-startup.net\/about\/#primaryimage\"},\"thumbnailUrl\":\"https:\/\/cms.munich-startup.net\/wp-content\/uploads\/2025\/09\/Munich-Startup-Team-1200x801.jpg\",\"datePublished\":\"2015-01-27T14:02:50+00:00\",\"dateModified\":\"2025-09-11T14:25:04+00:00\",\"description\":\"Munich Startup ist das offizielle Startup-Portal f\u00fcr M\u00fcnchen und die Region. Tr\u00e4ger ist die M\u00fcnchner Gewerbehof- und Technologiezentrum GmbH (MGH).\",\"breadcrumb\":{\"@id\":\"https:\/\/cms.munich-startup.net\/about\/#breadcrumb\"},\"inLanguage\":\"en-US\",\"potentialAction\":[{\"@type\":\"ReadAction\",\"target\":[\"https:\/\/cms.munich-startup.net\/about\/\"]}]},{\"@type\":\"ImageObject\",\"inLanguage\":\"en-US\",\"@id\":\"https:\/\/cms.munich-startup.net\/about\/#primaryimage\",\"url\":\"https:\/\/cms.munich-startup.net\/wp-content\/uploads\/2025\/09\/Munich-Startup-Team-1200x801.jpg\",\"contentUrl\":\"https:\/\/cms.munich-startup.net\/wp-content\/uploads\/2025\/09\/Munich-Startup-Team-1200x801.jpg\"},{\"@type\":\"BreadcrumbList\",\"@id\":\"https:\/\/cms.munich-startup.net\/about\/#breadcrumb\",\"itemListElement\":[{\"@type\":\"ListItem\",\"position\":1,\"name\":\"Home\",\"item\":\"https:\/\/cms.munich-startup.net\/\"},{\"@type\":\"ListItem\",\"position\":2,\"name\":\"About Munich Startup\"}]},{\"@type\":\"WebSite\",\"@id\":\"https:\/\/cms.munich-startup.net\/#website\",\"url\":\"https:\/\/cms.munich-startup.net\/\",\"name\":\"Munich Startup\",\"description\":\"Das offizielle Startup-Portal f\u00fcr M\u00fcnchen\",\"potentialAction\":[{\"@type\":\"SearchAction\",\"target\":{\"@type\":\"EntryPoint\",\"urlTemplate\":\"https:\/\/cms.munich-startup.net\/?s={search_term_string}\"},\"query-input\":{\"@type\":\"PropertyValueSpecification\",\"valueRequired\":true,\"valueName\":\"search_term_string\"}}],\"inLanguage\":\"en-US\"}]}<\/script>\n<meta property=\"og:image\" content=\"https:\/\/cms.munich-startup.net\/en\/wp-content\/uploads\/2025\/09\/Munich-Startup-Team-1200x801.jpg\" \/>\n<!-- \/ Yoast SEO plugin. -->","yoast_head_json":{"title":"About Munich Startup - Munich Startup","description":"Munich Startup is the official startup portal for Munich and the region. It is run by the Munich Business Park and Technology Center (MGH).","robots":{"index":"index","follow":"follow","max-snippet":"max-snippet:-1","max-image-preview":"max-image-preview:large","max-video-preview":"max-video-preview:-1"},"canonical":"https:\/\/cms.munich-startup.net\/en\/about\/","og_locale":"en_US","og_type":"article","og_title":"About Munich Startup - Munich Startup","og_description":"Munich Startup ist das offizielle Startup-Portal f\u00fcr M\u00fcnchen und die Region. Tr\u00e4ger ist die M\u00fcnchner Gewerbehof- und Technologiezentrum GmbH (MGH).","og_url":"https:\/\/cms.munich-startup.net\/en\/about\/","og_site_name":"Munich Startup","article_publisher":"https:\/\/www.facebook.com\/munichstartup\/","article_modified_time":"2025-09-11T14:25:04+00:00","twitter_card":"summary_large_image","twitter_site":"@munich_startup","twitter_misc":{"Est. reading time":"4 minutes"},"schema":{"@context":"https:\/\/schema.org","@graph":[{"@type":"WebPage","@id":"https:\/\/cms.munich-startup.net\/about\/","url":"https:\/\/cms.munich-startup.net\/about\/","name":"About Munich Startup - Munich Startup","isPartOf":{"@id":"https:\/\/cms.munich-startup.net\/#website"},"primaryImageOfPage":{"@id":"https:\/\/cms.munich-startup.net\/about\/#primaryimage"},"image":{"@id":"https:\/\/cms.munich-startup.net\/about\/#primaryimage"},"thumbnailUrl":"https:\/\/cms.munich-startup.net\/wp-content\/uploads\/2025\/09\/Munich-Startup-Team-1200x801.jpg","datePublished":"2015-01-27T14:02:50+00:00","dateModified":"2025-09-11T14:25:04+00:00","description":"Munich Startup is the official startup portal for Munich and the region. It is run by the Munich Business Park and Technology Center (MGH).","breadcrumb":{"@id":"https:\/\/cms.munich-startup.net\/about\/#breadcrumb"},"inLanguage":"en-US","potentialAction":[{"@type":"ReadAction","target":["https:\/\/cms.munich-startup.net\/about\/"]}]},{"@type":"ImageObject","inLanguage":"en-US","@id":"https:\/\/cms.munich-startup.net\/about\/#primaryimage","url":"https:\/\/cms.munich-startup.net\/wp-content\/uploads\/2025\/09\/Munich-Startup-Team-1200x801.jpg","contentUrl":"https:\/\/cms.munich-startup.net\/wp-content\/uploads\/2025\/09\/Munich-Startup-Team-1200x801.jpg"},{"@type":"BreadcrumbList","@id":"https:\/\/cms.munich-startup.net\/about\/#breadcrumb","itemListElement":[{"@type":"ListItem","position":1,"name":"Home","item":"https:\/\/cms.munich-startup.net\/"},{"@type":"ListItem","position":2,"name":"About Munich Startup"}]},{"@type":"WebSite","@id":"https:\/\/cms.munich-startup.net\/#website","url":"https:\/\/cms.munich-startup.net\/","name":"Munich Startup","description":"The official startup portal for Munich","potentialAction":[{"@type":"SearchAction","target":{"@type":"EntryPoint","urlTemplate":"https:\/\/cms.munich-startup.net\/?s={search_term_string}"},"query-input":{"@type":"PropertyValueSpecification","valueRequired":true,"valueName":"search_term_string"}}],"inLanguage":"en-US"}]},"og_image":[{"url":"https:\/\/cms.munich-startup.net\/wp-content\/uploads\/2025\/09\/Munich-Startup-Team-1200x801.jpg","type":"","width":"","height":""}]},"_edit_lock":"1757600705:42","_edit_last":"42","_wp_page_template":"default","wbounce_status":"default","_yoast_wpseo_content_score":"90","_showyear":"","_inactive":"","_wpbitly":"http:\/\/bit.ly\/2J6Ll2x","ms_image_format":"contentwidth","_ms_image_format":"field_5cb8587572c8b","ms_dachzeile":"","_ms_dachzeile":"field_5cd9b7f365df5","ms_bump_post_date":"","_ms_bump_post_date":"field_5d1341edcf42a","_show_financing":"","_hide_on_map":"","_yoast_wpseo_focuskw":"Munich Startup","_yoast_wpseo_title":"","_yoast_wpseo_metadesc":"Munich Startup ist das offizielle Startup-Portal f\u00fcr M\u00fcnchen und die Region. Tr\u00e4ger ist die M\u00fcnchner Gewerbehof- und Technologiezentrum GmbH (MGH).","_yoast_wpseo_linkdex":"67","_yoast_wpseo_estimated-reading-time-minutes":"4","easy_language_simplification_original_id":"","easy_language_source_language":"","easy_language_simplification_language":"","easy_language_api":"","easy_language_prevent_automatic_mode":"","easy_language_simplification_state_changed_from":"","_yoast_wpseo_focuskw_text_input":"Munich Startup","_yoast_wpseo_wordproof_timestamp":"","footnotes":"","_yoast_wpseo_meta-robots-noindex":"","easy_language_text_language":"","easy_language_simplified_in":"","_pprredirect_active":"","_pprredirect_type":"","_pprredirect_url":"","_yoast_wpseo_opengraph-image":"","_yoast_wpseo_opengraph-image-id":"","_yoast_wpseo_twitter-image":"","_yoast_wpseo_twitter-image-id":"","_thumbnail_id":"","_links":{"self":[{"href":"https:\/\/cms.munich-startup.net\/en\/wp-json\/wp\/v2\/pages\/35"}],"collection":[{"href":"https:\/\/cms.munich-startup.net\/en\/wp-json\/wp\/v2\/pages"}],"about":[{"href":"https:\/\/cms.munich-startup.net\/en\/wp-json\/wp\/v2\/types\/page"}],"author":[{"embeddable":true,"href":"https:\/\/cms.munich-startup.net\/en\/wp-json\/wp\/v2\/users\/1"}],"replies":[{"embeddable":true,"href":"https:\/\/cms.munich-startup.net\/en\/wp-json\/wp\/v2\/comments?post=35"}],"version-history":[{"count":5,"href":"https:\/\/cms.munich-startup.net\/en\/wp-json\/wp\/v2\/pages\/35\/revisions"}],"predecessor-version":[{"id":112543,"href":"https:\/\/cms.munich-startup.net\/en\/wp-json\/wp\/v2\/pages\/35\/revisions\/112543"}],"wp:attachment":[{"href":"https:\/\/cms.munich-startup.net\/en\/wp-json\/wp\/v2\/media?parent=35"}],"curies":[{"name":"wp","href":"https:\/\/api.w.org\/{rel}","templated":true}]}}