{"id":24,"date":"2015-01-22T17:09:05","date_gmt":"2015-01-22T16:09:05","guid":{"rendered":"http:\/\/cms.munich-startup.net\/?page_id=24"},"modified":"2022-04-21T13:04:15","modified_gmt":"2022-04-21T11:04:15","slug":"signup","status":"publish","type":"page","link":"https:\/\/cms.munich-startup.net\/en\/signup\/","title":{"rendered":"Sign in and start up!"},"content":{"rendered":"<div class=\"entry-content\">\n<p>Are you an innovative and technology-focused startup or an investor, accelerator, or incubator from Munich or the surrounding region? Munich Startup is your central platform for all events, news, contacts, and stories from the Munich startup scene. Register now and become part of the virtual ecosystem.<\/p>\n\n\n<div class=\"container mb-16\"><ecosystemform class=\"side_margins\"><\/ecosystemform><\/div>\n\n\n\n<p><\/p>\n<\/div>","protected":false},"excerpt":{"rendered":"<p>Are you an innovative and technology-focused startup or an investor, accelerator, or incubator from Munich or the surrounding region? Munich Startup is your central platform for all events, news, contacts, and stories from the Munich startup scene. Register now and become part of the virtual ecosystem.<\/p>","protected":false},"author":1,"featured_media":0,"parent":0,"menu_order":0,"comment_status":"closed","ping_status":"closed","template":"","meta":{"_acf_changed":false,"footnotes":""},"acf":[],"yoast_head":"<!-- This site is optimized with the Yoast SEO plugin v26.1.1 - https:\/\/yoast.com\/wordpress\/plugins\/seo\/ -->\n<title>Sign in and start up! - Munich Startup<\/title>\n<meta name=\"robots\" content=\"index, follow, max-snippet:-1, max-image-preview:large, max-video-preview:-1\" \/>\n<link rel=\"canonical\" href=\"https:\/\/cms.munich-startup.net\/en\/signup\/\" \/>\n<meta property=\"og:locale\" content=\"en_US\" \/>\n<meta property=\"og:type\" content=\"article\" \/>\n<meta property=\"og:title\" content=\"Sign in and start up! - Munich Startup\" \/>\n<meta property=\"og:description\" content=\"Du bist ein innovatives und technologieorientiertes Startup oder ein Investor, Accelerator oder Incubator aus M\u00fcnchen oder der Region? Munich Startup ist Deine zentrale Plattform f\u00fcr alle Events, News, Kontakte und Stories aus der M\u00fcnchner Startup Szene. Trage Dich jetzt ein und werde Teil des virtuellen \u00d6kosystems.\" \/>\n<meta property=\"og:url\" content=\"https:\/\/cms.munich-startup.net\/en\/signup\/\" \/>\n<meta property=\"og:site_name\" content=\"Munich Startup\" \/>\n<meta property=\"article:publisher\" content=\"https:\/\/www.facebook.com\/munichstartup\/\" \/>\n<meta property=\"article:modified_time\" content=\"2022-04-21T11:04:15+00:00\" \/>\n<meta name=\"twitter:card\" content=\"summary_large_image\" \/>\n<meta name=\"twitter:site\" content=\"@munich_startup\" \/>\n<meta name=\"twitter:label1\" content=\"Est. reading time\" \/>\n\t<meta name=\"twitter:data1\" content=\"1 minute\" \/>\n<script type=\"application\/ld+json\" class=\"yoast-schema-graph\">{\"@context\":\"https:\/\/schema.org\",\"@graph\":[{\"@type\":\"WebPage\",\"@id\":\"https:\/\/cms.munich-startup.net\/signup\/\",\"url\":\"https:\/\/cms.munich-startup.net\/signup\/\",\"name\":\"Sign in and start up! - Munich Startup\",\"isPartOf\":{\"@id\":\"https:\/\/cms.munich-startup.net\/#website\"},\"datePublished\":\"2015-01-22T16:09:05+00:00\",\"dateModified\":\"2022-04-21T11:04:15+00:00\",\"breadcrumb\":{\"@id\":\"https:\/\/cms.munich-startup.net\/signup\/#breadcrumb\"},\"inLanguage\":\"en-US\",\"potentialAction\":[{\"@type\":\"ReadAction\",\"target\":[\"https:\/\/cms.munich-startup.net\/signup\/\"]}]},{\"@type\":\"BreadcrumbList\",\"@id\":\"https:\/\/cms.munich-startup.net\/signup\/#breadcrumb\",\"itemListElement\":[{\"@type\":\"ListItem\",\"position\":1,\"name\":\"Home\",\"item\":\"https:\/\/cms.munich-startup.net\/\"},{\"@type\":\"ListItem\",\"position\":2,\"name\":\"Sign in and start up!\"}]},{\"@type\":\"WebSite\",\"@id\":\"https:\/\/cms.munich-startup.net\/#website\",\"url\":\"https:\/\/cms.munich-startup.net\/\",\"name\":\"Munich Startup\",\"description\":\"Das offizielle Startup-Portal f\u00fcr M\u00fcnchen\",\"potentialAction\":[{\"@type\":\"SearchAction\",\"target\":{\"@type\":\"EntryPoint\",\"urlTemplate\":\"https:\/\/cms.munich-startup.net\/?s={search_term_string}\"},\"query-input\":{\"@type\":\"PropertyValueSpecification\",\"valueRequired\":true,\"valueName\":\"search_term_string\"}}],\"inLanguage\":\"en-US\"}]}<\/script>\n<!-- \/ Yoast SEO plugin. -->","yoast_head_json":{"title":"Sign in and start up! - Munich startup","robots":{"index":"index","follow":"follow","max-snippet":"max-snippet:-1","max-image-preview":"max-image-preview:large","max-video-preview":"max-video-preview:-1"},"canonical":"https:\/\/cms.munich-startup.net\/en\/signup\/","og_locale":"en_US","og_type":"article","og_title":"Sign in and start up! - Munich Startup","og_description":"Du bist ein innovatives und technologieorientiertes Startup oder ein Investor, Accelerator oder Incubator aus M\u00fcnchen oder der Region? Munich Startup ist Deine zentrale Plattform f\u00fcr alle Events, News, Kontakte und Stories aus der M\u00fcnchner Startup Szene. Trage Dich jetzt ein und werde Teil des virtuellen \u00d6kosystems.","og_url":"https:\/\/cms.munich-startup.net\/en\/signup\/","og_site_name":"Munich Startup","article_publisher":"https:\/\/www.facebook.com\/munichstartup\/","article_modified_time":"2022-04-21T11:04:15+00:00","twitter_card":"summary_large_image","twitter_site":"@munich_startup","twitter_misc":{"Est. reading time":"1 minute"},"schema":{"@context":"https:\/\/schema.org","@graph":[{"@type":"WebPage","@id":"https:\/\/cms.munich-startup.net\/signup\/","url":"https:\/\/cms.munich-startup.net\/signup\/","name":"Sign in and start up! - Munich startup","isPartOf":{"@id":"https:\/\/cms.munich-startup.net\/#website"},"datePublished":"2015-01-22T16:09:05+00:00","dateModified":"2022-04-21T11:04:15+00:00","breadcrumb":{"@id":"https:\/\/cms.munich-startup.net\/signup\/#breadcrumb"},"inLanguage":"en-US","potentialAction":[{"@type":"ReadAction","target":["https:\/\/cms.munich-startup.net\/signup\/"]}]},{"@type":"BreadcrumbList","@id":"https:\/\/cms.munich-startup.net\/signup\/#breadcrumb","itemListElement":[{"@type":"ListItem","position":1,"name":"Home","item":"https:\/\/cms.munich-startup.net\/"},{"@type":"ListItem","position":2,"name":"Sign in and start up!"}]},{"@type":"WebSite","@id":"https:\/\/cms.munich-startup.net\/#website","url":"https:\/\/cms.munich-startup.net\/","name":"Munich Startup","description":"The official startup portal for Munich","potentialAction":[{"@type":"SearchAction","target":{"@type":"EntryPoint","urlTemplate":"https:\/\/cms.munich-startup.net\/?s={search_term_string}"},"query-input":{"@type":"PropertyValueSpecification","valueRequired":true,"valueName":"search_term_string"}}],"inLanguage":"en-US"}]}},"_edit_lock":"1758624626:22","_edit_last":"26","_wp_page_template":"default","wbounce_status":"default","_yoast_wpseo_content_score":"60","_showyear":"","_inactive":"","_wpbitly":"http:\/\/bit.ly\/2J6LgvL","ms_image_format":"contentwidth","_ms_image_format":"field_5cb8587572c8b","ms_dachzeile":"","_ms_dachzeile":"field_5cd9b7f365df5","ms_bump_post_date":"","_ms_bump_post_date":"field_5d1341edcf42a","_show_financing":"","_hide_on_map":"","_yoast_wpseo_focuskw":"","_yoast_wpseo_title":"","_yoast_wpseo_metadesc":"","_yoast_wpseo_linkdex":"","_yoast_wpseo_estimated-reading-time-minutes":"1","easy_language_simplification_original_id":"","easy_language_source_language":"","easy_language_simplification_language":"","easy_language_api":"","easy_language_prevent_automatic_mode":"","easy_language_simplification_state_changed_from":"","_yoast_wpseo_focuskw_text_input":"","_yoast_wpseo_wordproof_timestamp":"","footnotes":"","_yoast_wpseo_meta-robots-noindex":"","easy_language_text_language":"","easy_language_simplified_in":"","_pprredirect_active":"","_pprredirect_type":"","_pprredirect_url":"","_yoast_wpseo_opengraph-image":"","_yoast_wpseo_opengraph-image-id":"","_yoast_wpseo_twitter-image":"","_yoast_wpseo_twitter-image-id":"","_thumbnail_id":"","_links":{"self":[{"href":"https:\/\/cms.munich-startup.net\/en\/wp-json\/wp\/v2\/pages\/24"}],"collection":[{"href":"https:\/\/cms.munich-startup.net\/en\/wp-json\/wp\/v2\/pages"}],"about":[{"href":"https:\/\/cms.munich-startup.net\/en\/wp-json\/wp\/v2\/types\/page"}],"author":[{"embeddable":true,"href":"https:\/\/cms.munich-startup.net\/en\/wp-json\/wp\/v2\/users\/1"}],"replies":[{"embeddable":true,"href":"https:\/\/cms.munich-startup.net\/en\/wp-json\/wp\/v2\/comments?post=24"}],"version-history":[{"count":5,"href":"https:\/\/cms.munich-startup.net\/en\/wp-json\/wp\/v2\/pages\/24\/revisions"}],"predecessor-version":[{"id":81823,"href":"https:\/\/cms.munich-startup.net\/en\/wp-json\/wp\/v2\/pages\/24\/revisions\/81823"}],"wp:attachment":[{"href":"https:\/\/cms.munich-startup.net\/en\/wp-json\/wp\/v2\/media?parent=24"}],"curies":[{"name":"wp","href":"https:\/\/api.w.org\/{rel}","templated":true}]}}