{"id":2351,"date":"2015-07-14T16:42:22","date_gmt":"2015-07-14T14:42:22","guid":{"rendered":"http:\/\/cms.munich-startup.net\/?page_id=2351"},"modified":"2022-05-17T15:30:57","modified_gmt":"2022-05-17T13:30:57","slug":"munich-startup-initiators","status":"publish","type":"page","link":"https:\/\/cms.munich-startup.net\/en\/about\/munich-startup-initiators\/","title":{"rendered":"Munich Startup Initiators"},"content":{"rendered":"<div class=\"entry-content\"><p>Munich Startup is an initiative of the<strong> <a href=\"https:\/\/stadt.muenchen.de\/rathaus\/verwaltung\/referat-arbeit-wirtschaft.html\" target=\"_blank\" rel=\"noopener noreferrer\">State capital Munich<\/a>, <\/strong><\/p>\n<p><a href=\"https:\/\/www.muenchen.de\/rathaus\/Stadtverwaltung\/Referat-fuer-Arbeit-und-Wirtschaft.html\" target=\"_blank\" rel=\"noopener noreferrer\"><img decoding=\"async\" class=\"aligncenter wp-image-714 size-medium\" src=\"https:\/\/cms.munich-startup.net\/wp-content\/uploads\/2015\/03\/18RAW-440x147.jpg\" alt=\"State Capital Munich - Referat f\u00fcr Arbeit und Wirtschaft\" width=\"440\" height=\"147\" srcset=\"https:\/\/cms.munich-startup.net\/wp-content\/uploads\/2015\/03\/18RAW-440x147.jpg 440w, https:\/\/cms.munich-startup.net\/wp-content\/uploads\/2015\/03\/18RAW-600x201.jpg 600w, https:\/\/cms.munich-startup.net\/wp-content\/uploads\/2015\/03\/18RAW-768x257.jpg 768w, https:\/\/cms.munich-startup.net\/wp-content\/uploads\/2015\/03\/18RAW.jpg 833w\" sizes=\"(max-width: 440px) 100vw, 440px\" \/><\/a><\/p>\n<p>together with the<strong> <a href=\"\/en\/ecosystem\/entrepreneurship-gmbh\/\" target=\"_blank\" rel=\"noopener noreferrer\">UnternehmerTUM<\/a>, <\/strong>dem<strong> <a href=\"\/en\/ecosystem\/lmu-entrepreneurship-center\/\" target=\"_blank\" rel=\"noopener noreferrer\">LMU Entrepreneurship Center<\/a>, <\/strong>dem<strong> <a href=\"\/en\/ecosystem\/strascheg-center-for-entrepreneurship\/\" target=\"_blank\" rel=\"noopener noreferrer\">Strascheg Center for Entrepreneurship (SCE)<\/a><\/strong><\/p>\n<div class=\"the_gallery row masonry_container isotope clearfix\"><div class='gallery-item loop_item col-md-4 col-sm-4 col-xs-12 postbox'>\n\t\t\t\t<div class='gallery-icon landscape'>\n\t\t\t\t<a href='https:\/\/cms.munich-startup.net\/wp-content\/uploads\/2020\/08\/UTUM_Logo_RGB_pos_300.jpg'><img decoding=\"async\" width=\"2400\" height=\"1528\" src=\"https:\/\/cms.munich-startup.net\/wp-content\/uploads\/2020\/08\/UTUM_Logo_RGB_pos_300.jpg\" class=\"attachment-full size-full\" alt=\"\" srcset=\"https:\/\/cms.munich-startup.net\/wp-content\/uploads\/2020\/08\/UTUM_Logo_RGB_pos_300.jpg 2400w, https:\/\/cms.munich-startup.net\/wp-content\/uploads\/2020\/08\/UTUM_Logo_RGB_pos_300-600x382.jpg 600w, https:\/\/cms.munich-startup.net\/wp-content\/uploads\/2020\/08\/UTUM_Logo_RGB_pos_300-1200x764.jpg 1200w, https:\/\/cms.munich-startup.net\/wp-content\/uploads\/2020\/08\/UTUM_Logo_RGB_pos_300-768x489.jpg 768w, https:\/\/cms.munich-startup.net\/wp-content\/uploads\/2020\/08\/UTUM_Logo_RGB_pos_300-1536x978.jpg 1536w, https:\/\/cms.munich-startup.net\/wp-content\/uploads\/2020\/08\/UTUM_Logo_RGB_pos_300-2048x1304.jpg 2048w, https:\/\/cms.munich-startup.net\/wp-content\/uploads\/2020\/08\/UTUM_Logo_RGB_pos_300-880x560.jpg 880w, https:\/\/cms.munich-startup.net\/wp-content\/uploads\/2020\/08\/UTUM_Logo_RGB_pos_300-440x280.jpg 440w\" sizes=\"(max-width: 2400px) 100vw, 2400px\" \/><\/a>\n\t\t\t\t<\/div><\/div><div class='gallery-item loop_item col-md-4 col-sm-4 col-xs-12 postbox'>\n\t\t\t\t<div class='gallery-icon landscape'>\n\t\t\t\t<a href='https:\/\/cms.munich-startup.net\/wp-content\/uploads\/2015\/12\/lmu_ec.png'><img decoding=\"async\" width=\"501\" height=\"213\" src=\"https:\/\/cms.munich-startup.net\/wp-content\/uploads\/2015\/12\/lmu_ec.png\" class=\"attachment-full size-full\" alt=\"LMU Entrepreneurship Center\" srcset=\"https:\/\/cms.munich-startup.net\/wp-content\/uploads\/2015\/12\/lmu_ec.png 501w, https:\/\/cms.munich-startup.net\/wp-content\/uploads\/2015\/12\/lmu_ec-440x187.png 440w, https:\/\/cms.munich-startup.net\/wp-content\/uploads\/2015\/12\/lmu_ec-500x213.png 500w\" sizes=\"(max-width: 501px) 100vw, 501px\" \/><\/a>\n\t\t\t\t<\/div><\/div><div class='gallery-item loop_item col-md-4 col-sm-4 col-xs-12 postbox'>\n\t\t\t\t<div class='gallery-icon landscape'>\n\t\t\t\t<a href='https:\/\/cms.munich-startup.net\/wp-content\/uploads\/2015\/02\/Logo_SCE_vor-wei\u00dfem-Hintergrund.jpg'><img decoding=\"async\" width=\"800\" height=\"281\" src=\"https:\/\/cms.munich-startup.net\/wp-content\/uploads\/2015\/02\/Logo_SCE_vor-wei\u00dfem-Hintergrund.jpg\" class=\"attachment-full size-full\" alt=\"SCE logo\" srcset=\"https:\/\/cms.munich-startup.net\/wp-content\/uploads\/2015\/02\/Logo_SCE_vor-wei\u00dfem-Hintergrund.jpg 800w, https:\/\/cms.munich-startup.net\/wp-content\/uploads\/2015\/02\/Logo_SCE_vor-wei\u00dfem-Hintergrund-600x211.jpg 600w, https:\/\/cms.munich-startup.net\/wp-content\/uploads\/2015\/02\/Logo_SCE_vor-wei\u00dfem-Hintergrund-768x270.jpg 768w, https:\/\/cms.munich-startup.net\/wp-content\/uploads\/2015\/02\/Logo_SCE_vor-wei\u00dfem-Hintergrund-440x155.jpg 440w\" sizes=\"(max-width: 800px) 100vw, 800px\" \/><\/a>\n\t\t\t\t<\/div><\/div><\/div>\n<p>and the <a href=\"https:\/\/www.ihk-muenchen.de\/de\/\" target=\"_blank\" rel=\"noopener noreferrer\"><strong>Chamber of Commerce and Industry for Munich and Upper Bavaria<\/strong><\/a>,<\/p>\n<p><a href=\"https:\/\/cms.munich-startup.net\/wp-content\/uploads\/2015\/07\/IHK-M\u00fcnchen-Obb_2013_rgb-1.jpg\"><img decoding=\"async\" class=\"aligncenter wp-image-28867\" src=\"https:\/\/cms.munich-startup.net\/wp-content\/uploads\/2015\/07\/IHK-M\u00fcnchen-Obb_2013_rgb-1-300x184.jpg\" alt=\"Logo Chamber of Commerce and Industry for Munich and Upper Bavaria \" width=\"245\" height=\"150\" \/><\/a><\/p>\n<p>carried out by the<strong> <a href=\"https:\/\/mgh-muc.de\/startseite\/\" target=\"_blank\" rel=\"noopener noreferrer\">Munich Commercial Court and Technology Center Company Ltd.<\/a><\/strong><\/p>\n<p><a href=\"https:\/\/mgh-muc.de\/startseite\/\"><img decoding=\"async\" class=\"aligncenter wp-image-2609 size-full\" src=\"https:\/\/cms.munich-startup.net\/wp-content\/uploads\/2015\/06\/mgh_logo1.gif\" alt=\"Logo of the Munich Commercial and Technology Center Company\" width=\"205\" height=\"77\" \/><\/a><\/p>\n\n\n<p><\/p>\n<\/div>","protected":false},"excerpt":{"rendered":"<p>Munich Startup is an initiative of the City of Munich, together with UnternehmerTUM, the Entrepreneurship Center of the LMU, Strascheg Center for Entrepreneurship (SCE) and the Chamber of Commerce and Industry for Munich and Upper Bavaria, implemented by the Munich Commercial Court and Technology Center Company.<\/p>","protected":false},"author":3,"featured_media":0,"parent":35,"menu_order":1,"comment_status":"closed","ping_status":"closed","template":"","meta":{"_acf_changed":false,"footnotes":""},"acf":[],"yoast_head":"<!-- This site is optimized with the Yoast SEO plugin v26.1.1 - https:\/\/yoast.com\/wordpress\/plugins\/seo\/ -->\n<title>Munich Startup Initiatoren - Munich Startup<\/title>\n<meta name=\"description\" content=\"Initiatoren Munich Startup: Landeshauptstadt M\u00fcnchen, 4Entrepreneurship, IHK M\u00fcnchen und Oberbayern, Bayerisches Staatsministerium f\u00fcr Wirtschaft und Medien, Energie und Technologie, durchgef\u00fchrt von der M\u00fcnchner Gewerbehof- und Technologiezentrumsgesellschaft mbH.\" \/>\n<meta name=\"robots\" content=\"index, follow, max-snippet:-1, max-image-preview:large, max-video-preview:-1\" \/>\n<link rel=\"canonical\" href=\"https:\/\/cms.munich-startup.net\/en\/about\/munich-startup-initiators\/\" \/>\n<meta property=\"og:locale\" content=\"en_US\" \/>\n<meta property=\"og:type\" content=\"article\" \/>\n<meta property=\"og:title\" content=\"Munich Startup Initiatoren - Munich Startup\" \/>\n<meta property=\"og:description\" content=\"Initiatoren Munich Startup: Landeshauptstadt M\u00fcnchen, 4Entrepreneurship, IHK M\u00fcnchen und Oberbayern, Bayerisches Staatsministerium f\u00fcr Wirtschaft und Medien, Energie und Technologie, durchgef\u00fchrt von der M\u00fcnchner Gewerbehof- und Technologiezentrumsgesellschaft mbH.\" \/>\n<meta property=\"og:url\" content=\"https:\/\/cms.munich-startup.net\/en\/about\/munich-startup-initiators\/\" \/>\n<meta property=\"og:site_name\" content=\"Munich Startup\" \/>\n<meta property=\"article:publisher\" content=\"https:\/\/www.facebook.com\/munichstartup\/\" \/>\n<meta property=\"article:modified_time\" content=\"2022-05-17T13:30:57+00:00\" \/>\n<meta name=\"twitter:card\" content=\"summary_large_image\" \/>\n<meta name=\"twitter:site\" content=\"@munich_startup\" \/>\n<meta name=\"twitter:label1\" content=\"Est. reading time\" \/>\n\t<meta name=\"twitter:data1\" content=\"1 minute\" \/>\n<script type=\"application\/ld+json\" class=\"yoast-schema-graph\">{\"@context\":\"https:\/\/schema.org\",\"@graph\":[{\"@type\":\"WebPage\",\"@id\":\"https:\/\/cms.munich-startup.net\/about\/munich-startup-initiatoren\/\",\"url\":\"https:\/\/cms.munich-startup.net\/about\/munich-startup-initiatoren\/\",\"name\":\"Munich Startup Initiatoren - Munich Startup\",\"isPartOf\":{\"@id\":\"https:\/\/cms.munich-startup.net\/#website\"},\"primaryImageOfPage\":{\"@id\":\"https:\/\/cms.munich-startup.net\/about\/munich-startup-initiatoren\/#primaryimage\"},\"image\":{\"@id\":\"https:\/\/cms.munich-startup.net\/about\/munich-startup-initiatoren\/#primaryimage\"},\"thumbnailUrl\":\"https:\/\/cms.munich-startup.net\/wp-content\/uploads\/2015\/03\/18RAW-440x147.jpg\",\"datePublished\":\"2015-07-14T14:42:22+00:00\",\"dateModified\":\"2022-05-17T13:30:57+00:00\",\"description\":\"Initiatoren Munich Startup: Landeshauptstadt M\u00fcnchen, 4Entrepreneurship, IHK M\u00fcnchen und Oberbayern, Bayerisches Staatsministerium f\u00fcr Wirtschaft und Medien, Energie und Technologie, durchgef\u00fchrt von der M\u00fcnchner Gewerbehof- und Technologiezentrumsgesellschaft mbH.\",\"breadcrumb\":{\"@id\":\"https:\/\/cms.munich-startup.net\/about\/munich-startup-initiatoren\/#breadcrumb\"},\"inLanguage\":\"en-US\",\"potentialAction\":[{\"@type\":\"ReadAction\",\"target\":[\"https:\/\/cms.munich-startup.net\/about\/munich-startup-initiatoren\/\"]}]},{\"@type\":\"ImageObject\",\"inLanguage\":\"en-US\",\"@id\":\"https:\/\/cms.munich-startup.net\/about\/munich-startup-initiatoren\/#primaryimage\",\"url\":\"https:\/\/cms.munich-startup.net\/wp-content\/uploads\/2015\/03\/18RAW-440x147.jpg\",\"contentUrl\":\"https:\/\/cms.munich-startup.net\/wp-content\/uploads\/2015\/03\/18RAW-440x147.jpg\"},{\"@type\":\"BreadcrumbList\",\"@id\":\"https:\/\/cms.munich-startup.net\/about\/munich-startup-initiatoren\/#breadcrumb\",\"itemListElement\":[{\"@type\":\"ListItem\",\"position\":1,\"name\":\"Home\",\"item\":\"https:\/\/cms.munich-startup.net\/\"},{\"@type\":\"ListItem\",\"position\":2,\"name\":\"About Munich Startup\",\"item\":\"https:\/\/cms.munich-startup.net\/about\/\"},{\"@type\":\"ListItem\",\"position\":3,\"name\":\"Munich Startup Initiatoren\"}]},{\"@type\":\"WebSite\",\"@id\":\"https:\/\/cms.munich-startup.net\/#website\",\"url\":\"https:\/\/cms.munich-startup.net\/\",\"name\":\"Munich Startup\",\"description\":\"Das offizielle Startup-Portal f\u00fcr M\u00fcnchen\",\"potentialAction\":[{\"@type\":\"SearchAction\",\"target\":{\"@type\":\"EntryPoint\",\"urlTemplate\":\"https:\/\/cms.munich-startup.net\/?s={search_term_string}\"},\"query-input\":{\"@type\":\"PropertyValueSpecification\",\"valueRequired\":true,\"valueName\":\"search_term_string\"}}],\"inLanguage\":\"en-US\"}]}<\/script>\n<meta property=\"og:image\" content=\"https:\/\/cms.munich-startup.net\/en\/wp-content\/uploads\/2020\/08\/UTUM_Logo_RGB_pos_300.jpg\" \/>\n<!-- \/ Yoast SEO plugin. -->","yoast_head_json":{"title":"Munich Startup Initiators - Munich Startup","description":"Initiators of Munich Startup: City of Munich, 4Entrepreneurship, Chamber of Industry and Commerce of Munich and Upper Bavaria, Bavarian State Ministry for Economic Affairs and Media, Energy and Technology, implemented by the Munich Commercial Court and Technology Center Company.","robots":{"index":"index","follow":"follow","max-snippet":"max-snippet:-1","max-image-preview":"max-image-preview:large","max-video-preview":"max-video-preview:-1"},"canonical":"https:\/\/cms.munich-startup.net\/en\/about\/munich-startup-initiators\/","og_locale":"en_US","og_type":"article","og_title":"Munich Startup Initiatoren - Munich Startup","og_description":"Initiatoren Munich Startup: Landeshauptstadt M\u00fcnchen, 4Entrepreneurship, IHK M\u00fcnchen und Oberbayern, Bayerisches Staatsministerium f\u00fcr Wirtschaft und Medien, Energie und Technologie, durchgef\u00fchrt von der M\u00fcnchner Gewerbehof- und Technologiezentrumsgesellschaft mbH.","og_url":"https:\/\/cms.munich-startup.net\/en\/about\/munich-startup-initiators\/","og_site_name":"Munich Startup","article_publisher":"https:\/\/www.facebook.com\/munichstartup\/","article_modified_time":"2022-05-17T13:30:57+00:00","twitter_card":"summary_large_image","twitter_site":"@munich_startup","twitter_misc":{"Est. reading time":"1 minute"},"schema":{"@context":"https:\/\/schema.org","@graph":[{"@type":"WebPage","@id":"https:\/\/cms.munich-startup.net\/about\/munich-startup-initiatoren\/","url":"https:\/\/cms.munich-startup.net\/about\/munich-startup-initiatoren\/","name":"Munich Startup Initiators - Munich Startup","isPartOf":{"@id":"https:\/\/cms.munich-startup.net\/#website"},"primaryImageOfPage":{"@id":"https:\/\/cms.munich-startup.net\/about\/munich-startup-initiatoren\/#primaryimage"},"image":{"@id":"https:\/\/cms.munich-startup.net\/about\/munich-startup-initiatoren\/#primaryimage"},"thumbnailUrl":"https:\/\/cms.munich-startup.net\/wp-content\/uploads\/2015\/03\/18RAW-440x147.jpg","datePublished":"2015-07-14T14:42:22+00:00","dateModified":"2022-05-17T13:30:57+00:00","description":"Initiators of Munich Startup: City of Munich, 4Entrepreneurship, Chamber of Industry and Commerce of Munich and Upper Bavaria, Bavarian State Ministry for Economic Affairs and Media, Energy and Technology, implemented by the Munich Commercial Court and Technology Center Company.","breadcrumb":{"@id":"https:\/\/cms.munich-startup.net\/about\/munich-startup-initiatoren\/#breadcrumb"},"inLanguage":"en-US","potentialAction":[{"@type":"ReadAction","target":["https:\/\/cms.munich-startup.net\/about\/munich-startup-initiatoren\/"]}]},{"@type":"ImageObject","inLanguage":"en-US","@id":"https:\/\/cms.munich-startup.net\/about\/munich-startup-initiatoren\/#primaryimage","url":"https:\/\/cms.munich-startup.net\/wp-content\/uploads\/2015\/03\/18RAW-440x147.jpg","contentUrl":"https:\/\/cms.munich-startup.net\/wp-content\/uploads\/2015\/03\/18RAW-440x147.jpg"},{"@type":"BreadcrumbList","@id":"https:\/\/cms.munich-startup.net\/about\/munich-startup-initiatoren\/#breadcrumb","itemListElement":[{"@type":"ListItem","position":1,"name":"Home","item":"https:\/\/cms.munich-startup.net\/"},{"@type":"ListItem","position":2,"name":"About Munich Startup","item":"https:\/\/cms.munich-startup.net\/about\/"},{"@type":"ListItem","position":3,"name":"Munich Startup Initiatoren"}]},{"@type":"WebSite","@id":"https:\/\/cms.munich-startup.net\/#website","url":"https:\/\/cms.munich-startup.net\/","name":"Munich Startup","description":"The official startup portal for Munich","potentialAction":[{"@type":"SearchAction","target":{"@type":"EntryPoint","urlTemplate":"https:\/\/cms.munich-startup.net\/?s={search_term_string}"},"query-input":{"@type":"PropertyValueSpecification","valueRequired":true,"valueName":"search_term_string"}}],"inLanguage":"en-US"}]},"og_image":[{"url":"https:\/\/cms.munich-startup.net\/wp-content\/uploads\/2020\/08\/UTUM_Logo_RGB_pos_300.jpg","type":"","width":"","height":""}]},"_edit_lock":"1676626521:40","_edit_last":"39","_wp_page_template":"default","wbounce_status":"default","_yoast_wpseo_content_score":"60","_showyear":"","_inactive":"","_wpbitly":"","ms_image_format":"contentwidth","_ms_image_format":"field_5cb8587572c8b","ms_dachzeile":"","_ms_dachzeile":"field_5cd9b7f365df5","ms_bump_post_date":"","_ms_bump_post_date":"field_5d1341edcf42a","_show_financing":"","_hide_on_map":"","_yoast_wpseo_focuskw":"Initiatoren","_yoast_wpseo_title":"","_yoast_wpseo_metadesc":"Initiatoren Munich Startup: Landeshauptstadt M\u00fcnchen, 4Entrepreneurship, IHK M\u00fcnchen und Oberbayern, Bayerisches Staatsministerium f\u00fcr Wirtschaft und Medien, Energie und Technologie, durchgef\u00fchrt von der M\u00fcnchner Gewerbehof- und Technologiezentrumsgesellschaft mbH.","_yoast_wpseo_linkdex":"45","_yoast_wpseo_estimated-reading-time-minutes":"1","easy_language_simplification_original_id":"","easy_language_source_language":"","easy_language_simplification_language":"","easy_language_api":"","easy_language_prevent_automatic_mode":"","easy_language_simplification_state_changed_from":"","_yoast_wpseo_focuskw_text_input":"Initiatoren","_yoast_wpseo_wordproof_timestamp":"","footnotes":"","_yoast_wpseo_meta-robots-noindex":"","easy_language_text_language":"","easy_language_simplified_in":"","_pprredirect_active":"","_pprredirect_type":"","_pprredirect_url":"","_yoast_wpseo_opengraph-image":"","_yoast_wpseo_opengraph-image-id":"","_yoast_wpseo_twitter-image":"","_yoast_wpseo_twitter-image-id":"","_thumbnail_id":"","_links":{"self":[{"href":"https:\/\/cms.munich-startup.net\/en\/wp-json\/wp\/v2\/pages\/2351"}],"collection":[{"href":"https:\/\/cms.munich-startup.net\/en\/wp-json\/wp\/v2\/pages"}],"about":[{"href":"https:\/\/cms.munich-startup.net\/en\/wp-json\/wp\/v2\/types\/page"}],"author":[{"embeddable":true,"href":"https:\/\/cms.munich-startup.net\/en\/wp-json\/wp\/v2\/users\/3"}],"replies":[{"embeddable":true,"href":"https:\/\/cms.munich-startup.net\/en\/wp-json\/wp\/v2\/comments?post=2351"}],"version-history":[{"count":4,"href":"https:\/\/cms.munich-startup.net\/en\/wp-json\/wp\/v2\/pages\/2351\/revisions"}],"predecessor-version":[{"id":78934,"href":"https:\/\/cms.munich-startup.net\/en\/wp-json\/wp\/v2\/pages\/2351\/revisions\/78934"}],"up":[{"embeddable":true,"href":"https:\/\/cms.munich-startup.net\/en\/wp-json\/wp\/v2\/pages\/35"}],"wp:attachment":[{"href":"https:\/\/cms.munich-startup.net\/en\/wp-json\/wp\/v2\/media?parent=2351"}],"curies":[{"name":"wp","href":"https:\/\/api.w.org\/{rel}","templated":true}]}}